{"id":18985,"date":"2021-06-09T09:04:15","date_gmt":"2021-06-09T09:04:15","guid":{"rendered":"https:\/\/ihttpdev.co.uk\/merlin\/?page_id=18985"},"modified":"2024-06-10T09:07:33","modified_gmt":"2024-06-10T09:07:33","slug":"geothermal","status":"publish","type":"page","link":"https:\/\/merlinerd.com\/es\/operations\/geothermal\/","title":{"rendered":"Geotermia"},"content":{"rendered":"<div id=\"fws_69d7e443cd51f\" data-column-margin=\"default\" data-midnight=\"dark\" class=\"wpb_row vc_row-fluid vc_row   mpc-row\" style=\"padding-top: 0px; padding-bottom: 0px; \"><div class=\"row-bg-wrap\" data-bg-animation=\"none\" data-bg-overlay=\"false\"><div class=\"inner-wrap\"><div class=\"row-bg\" style=\"\"><\/div><\/div><\/div><div class=\"row_col_wrap_12 col span_12 dark left\"><div class=\"vc_col-sm-12 wpb_column column_container vc_column_container col no-extra-padding  inherit_tablet inherit_phone mpc-column\" data-padding-pos=\"all\" data-has-bg-color=\"false\" data-bg-color=\"\" data-bg-opacity=\"1\" data-animation=\"\" data-delay=\"0\" data-column-id=\"mpc_column-7169d7e443cda13\">\n\t\t<div class=\"vc_column-inner\">\n\t\t\t<div class=\"wpb_wrapper\">\n\t\t\t\t\r\n<div class=\"wpb_text_column wpb_content_element\">\r\n\t<div class=\"wpb_wrapper\">\r\n\t\t<h4><nav aria-label=\"breadcrumbs\" class=\"rank-math-breadcrumb\"><p><span class=\"last\">Inicio<\/span><\/p><\/nav><\/h4>\n\t<\/div>\r\n<\/div>\r\n\r\n\r\n\r\n\n\t\t\t<\/div> \n\t\t<\/div>\n\t<\/div> \n<\/div><\/div>\r\n\t\t<div id=\"impact\" data-column-margin=\"none\" data-midnight=\"dark\" class=\"wpb_row vc_row-fluid vc_row full-width-section   top_padding_tablet_7pct bottom_padding_tablet_10pct  mpc-row\" data-using-ctc=\"true\" style=\"padding-top: 0px; padding-bottom: 2px; color: #333333; \"><div class=\"row-bg-wrap\" data-bg-animation=\"none\" data-bg-overlay=\"false\"><div class=\"inner-wrap\"><div class=\"row-bg using-bg-color\" style=\"background-color: #ffffff; \"><\/div><\/div><\/div><div class=\"nectar-shape-divider-wrap\" style=\" height:50%;\" data-using-percent-val=\"true\" data-height=\"50%\" data-front=\"\" data-style=\"straight_section\" data-position=\"bottom\"><svg class=\"nectar-shape-divider\" aria-hidden=\"true\" fill=\"#ffffff\" xmlns=\"http:\/\/www.w3.org\/2000\/svg\" viewbox=\"0 0 100 10\" preserveaspectratio=\"none\"> <polygon points=\"104 10, 104 0, 0 0, 0 10\"><\/polygon> <\/svg><\/div><div class=\"row_col_wrap_12 col span_12 custom left\"><div class=\"vc_col-sm-12 wpb_column column_container vc_column_container col no-extra-padding  inherit_tablet inherit_phone mpc-column\" data-padding-pos=\"all\" data-has-bg-color=\"false\" data-bg-color=\"\" data-bg-opacity=\"1\" data-animation=\"\" data-delay=\"0\" data-column-id=\"mpc_column-569d7e443cdeb1\">\n\t\t<div class=\"vc_column-inner\">\n\t\t\t<div class=\"wpb_wrapper\">\n\t\t\t\t\r\n<div class=\"wpb_text_column wpb_content_element  vc_custom_1718010415547\">\r\n\t<div class=\"wpb_wrapper\">\r\n\t\t<h2 style=\"text-align: center;\">Servicios<\/h2>\n\t<\/div>\r\n<\/div>\r\n\r\n\r\n\r\n\n\t\t\t<\/div> \n\t\t<\/div>\n\t<\/div> \n<\/div><\/div>\r\n\t\t<div id=\"fws_69d7e443ce0c8\" data-column-margin=\"default\" data-midnight=\"dark\" data-top-percent=\"3%\" data-bottom-percent=\"3%\" class=\"wpb_row vc_row-fluid vc_row full-width-section   mpc-row\" style=\"padding-top: calc(100vw * 0.03); padding-bottom: calc(100vw * 0.03); \"><div class=\"row-bg-wrap\" data-bg-animation=\"none\" data-bg-overlay=\"false\"><div class=\"inner-wrap\"><div class=\"row-bg using-bg-color\" style=\"background-color: #ffffff; \"><\/div><\/div><\/div><div class=\"row_col_wrap_12 col span_12 dark left\"><div class=\"vc_col-sm-12 wpb_column column_container vc_column_container col no-extra-padding  inherit_tablet inherit_phone mpc-column\" data-padding-pos=\"right\" data-has-bg-color=\"false\" data-bg-color=\"\" data-bg-opacity=\"1\" data-animation=\"\" data-delay=\"0\" data-column-id=\"mpc_column-869d7e443ceb5f\">\n\t\t<div class=\"vc_column-inner\">\n\t\t\t<div class=\"wpb_wrapper\">\n\t\t\t\t\r\n<div class=\"wpb_text_column wpb_content_element  vc_custom_1686899620220\">\r\n\t<div class=\"wpb_wrapper\">\r\n\t\t<h2 style=\"text-align: center;\">Herramientas de Merlin<\/h2>\n\t<\/div>\r\n<\/div>\r\n\r\n\r\n\r\n<div id=\"fws_69d7e443ce396\" data-midnight=\"\" data-column-margin=\"default\" class=\"wpb_row vc_row-fluid vc_row inner_row   vc_custom_1504187365562 mpc-row\" style=\"\"><div class=\"row-bg-wrap\"> <div class=\"row-bg\"><\/div> <\/div><div class=\"row_col_wrap_12_inner col span_12  left\"><div class=\"vc_col-sm-6 wpb_column column_container vc_column_container col child_column no-extra-padding  inherit_tablet inherit_phone mpc-column\" data-padding-pos=\"all\" data-has-bg-color=\"false\" data-bg-color=\"\" data-bg-opacity=\"1\" data-animation=\"\" data-delay=\"0\" data-column-id=\"mpc_column-8269d7e443ce743\">\n\t\t<div class=\"vc_column-inner\">\n\t\t<div class=\"wpb_wrapper\">\n\t\t\t<div class=\"nectar-fancy-box using-img\" style=\"min-height: 300px\" data-style=\"hover_desc\" data-border-radius=\"default\" data-animation=\"\" data-bg-animation=\"long_zoom\" data-border=\"\" data-delay=\"\" data-alignment=\"center\" data-color=\"accent-color\"><div class=\"box-bg\" style=\"background-image: url('https:\/\/merlinerd.com\/wp-content\/uploads\/2021\/05\/drilling-well-scaled.jpg'); \"><\/div> <div class=\"inner\"><div class=\"heading-wrap\">\n<h5>Calculadora de AV<\/h5>\n<\/div><div class=\"hover-content\">Velocidad Anular (VA) es uno de los tres elementos clave para una limpieza efectiva del pozo en pozos de alto \u00e1ngulo (\u201cLos Tres Pilares\u201d, siendo los otros dos la rotaci\u00f3n de la tuber\u00eda y la reolog\u00eda de baja gama del fluido de perforaci\u00f3n).<\/div><\/div>  <a href=\"\/es\/tool-kit\/annular-velocity-form2\/\" class=\"box-link\"><\/a> <\/div>\n\t\t<\/div> \n\t<\/div>\n\t<\/div> \n<div class=\"vc_col-sm-6 wpb_column column_container vc_column_container col child_column no-extra-padding  inherit_tablet inherit_phone mpc-column\" data-padding-pos=\"all\" data-has-bg-color=\"false\" data-bg-color=\"\" data-bg-opacity=\"1\" data-animation=\"\" data-delay=\"0\" data-column-id=\"mpc_column-8169d7e443cea2f\">\n\t\t<div class=\"vc_column-inner\">\n\t\t<div class=\"wpb_wrapper\">\n\t\t\t<div class=\"nectar-fancy-box using-img\" style=\"min-height: 300px\" data-style=\"hover_desc\" data-border-radius=\"default\" data-animation=\"\" data-bg-animation=\"long_zoom\" data-border=\"\" data-delay=\"\" data-alignment=\"center\" data-color=\"accent-color\"><div class=\"box-bg\" style=\"background-image: url('https:\/\/merlinerd.com\/wp-content\/uploads\/2021\/05\/EMAIL-12.jpg'); \"><\/div> <div class=\"inner\"><div class=\"heading-wrap\">\n<h5>Stuck Pipe Tool<\/h5>\n<\/div><div class=\"hover-content\">Description about stuck pipe tool goes here.<\/div><\/div>  <a href=\"\/es\/tool-kit\/stuck-pipe-mechanism-diagnosis-form\/\" class=\"box-link\"><\/a> <\/div>\n\t\t<\/div> \n\t<\/div>\n\t<\/div> \n<\/div><\/div>\n\t\t\t<\/div> \n\t\t<\/div>\n\t<\/div> \n<\/div><\/div>\r\n\t\t<div id=\"fws_69d7e443cedf7\" data-column-margin=\"default\" data-midnight=\"dark\" data-top-percent=\"3%\" data-bottom-percent=\"3%\" class=\"wpb_row vc_row-fluid vc_row full-width-section   mpc-row\" style=\"padding-top: calc(100vw * 0.03); padding-bottom: calc(100vw * 0.03); \"><div class=\"row-bg-wrap\" data-bg-animation=\"none\" data-bg-overlay=\"false\"><div class=\"inner-wrap\"><div class=\"row-bg using-bg-color\" style=\"background-color: #f2f2f2; \"><\/div><\/div><\/div><div class=\"row_col_wrap_12 col span_12 dark left\"><div style=\"margin-bottom: 30px; \" class=\"vc_col-sm-12 wpb_column column_container vc_column_container col no-extra-padding  inherit_tablet inherit_phone mpc-column\" data-padding-pos=\"all\" data-has-bg-color=\"false\" data-bg-color=\"\" data-bg-opacity=\"1\" data-animation=\"\" data-delay=\"0\" data-column-id=\"mpc_column-6869d7e443cefe1\">\n\t\t<div class=\"vc_column-inner\">\n\t\t\t<div class=\"wpb_wrapper\">\n\t\t\t\t\r\n<div class=\"wpb_text_column wpb_content_element\">\r\n\t<div class=\"wpb_wrapper\">\r\n\t\t<h2 style=\"text-align: center;\">M\u00e1s Servicios Geot\u00e9rmicos<\/h2>\n\t<\/div>\r\n<\/div>\r\n\r\n\r\n\r\n\n\t\t\t<\/div> \n\t\t<\/div>\n\t<\/div> \n<div class=\"vc_col-sm-4 wpb_column column_container vc_column_container col no-extra-padding  inherit_tablet inherit_phone mpc-column\" data-padding-pos=\"all\" data-has-bg-color=\"false\" data-bg-color=\"\" data-bg-opacity=\"1\" data-animation=\"\" data-delay=\"0\" data-column-id=\"mpc_column-969d7e443cf34d\">\n\t\t<div class=\"vc_column-inner\">\n\t\t\t<div class=\"wpb_wrapper\">\n\t\t\t\t<div class=\"img-with-aniamtion-wrap\" data-max-width=\"100%\" data-max-width-mobile=\"default\" data-border-radius=\"3px\" data-shadow=\"small_depth\" data-animation=\"fade-in\">\r\n      <div class=\"inner\">\r\n        <div class=\"hover-wrap\" data-hover-animation=\"zoom\"> \r\n          <div class=\"hover-wrap-inner\">\r\n            <a href=\"http:\/\/training\/geothermal\/\" target=\"_self\" class=\"\">\r\n              <img decoding=\"async\" class=\"img-with-animation skip-lazy  nectar-lazy\" data-delay=\"0\" height=\"1416\" width=\"2000\" data-animation=\"fade-in\" data-nectar-img-src=\"https:\/\/merlinerd.com\/wp-content\/uploads\/2021\/08\/confrence-scaled.jpg\" src=\"data:image\/svg+xml;charset=utf-8,%3Csvg%20xmlns%3D'http%3A%2F%2Fwww.w3.org%2F2000%2Fsvg'%20viewBox%3D'0%200%202000%201416'%2F%3E\" alt=\"\" data-nectar-img-srcset=\"https:\/\/merlinerd.com\/wp-content\/uploads\/2021\/08\/confrence-scaled.jpg 2000w, https:\/\/merlinerd.com\/wp-content\/uploads\/2021\/08\/confrence-300x212.jpg 300w, https:\/\/merlinerd.com\/wp-content\/uploads\/2021\/08\/confrence-1024x725.jpg 1024w, https:\/\/merlinerd.com\/wp-content\/uploads\/2021\/08\/confrence-768x544.jpg 768w, https:\/\/merlinerd.com\/wp-content\/uploads\/2021\/08\/confrence-1536x1087.jpg 1536w, https:\/\/merlinerd.com\/wp-content\/uploads\/2021\/08\/confrence-2048x1449.jpg 2048w\" sizes=\"(min-width: 1450px) 75vw, (min-width: 1000px) 85vw, 100vw\">\r\n            <\/a>\r\n          <\/div>\r\n        <\/div>\r\n      <\/div>\r\n      <\/div>\r\n<div class=\"wpb_text_column wpb_content_element\">\r\n\t<div class=\"wpb_wrapper\">\r\n\t\t<h2 style=\"text-align: center;\">Capacitaci\u00f3n<\/h2>\n<p>Las personas mejor capacitadas toman mejores decisiones. Realmente es as\u00ed de simple. Si el plan es sacar al equipo de su zona de confort, el tiempo de entrenamiento para aprender los fundamentos y hablar sobre los factores cr\u00edticos de \u00e9xito mejorar\u00e1 la confiabilidad de la ejecuci\u00f3n del pozo.<\/p>\n\t<\/div>\r\n<\/div>\r\n\r\n\r\n\r\n\n\t\t\t<\/div> \n\t\t<\/div>\n\t<\/div> \n<div class=\"vc_col-sm-4 wpb_column column_container vc_column_container col no-extra-padding  inherit_tablet inherit_phone mpc-column\" data-padding-pos=\"all\" data-has-bg-color=\"false\" data-bg-color=\"\" data-bg-opacity=\"1\" data-animation=\"\" data-delay=\"0\" data-column-id=\"mpc_column-4269d7e443cf906\">\n\t\t<div class=\"vc_column-inner\">\n\t\t\t<div class=\"wpb_wrapper\">\n\t\t\t\t<div class=\"img-with-aniamtion-wrap\" data-max-width=\"100%\" data-max-width-mobile=\"default\" data-border-radius=\"3px\" data-shadow=\"small_depth\" data-animation=\"fade-in\">\r\n      <div class=\"inner\">\r\n        <div class=\"hover-wrap\" data-hover-animation=\"zoom\"> \r\n          <div class=\"hover-wrap-inner\">\r\n            <a href=\"\/es\/engineering\/geothermal\/\" target=\"_self\" class=\"\">\r\n              <img decoding=\"async\" class=\"img-with-animation skip-lazy  nectar-lazy\" data-delay=\"0\" height=\"1087\" width=\"1536\" data-animation=\"fade-in\" data-nectar-img-src=\"https:\/\/merlinerd.com\/wp-content\/uploads\/2022\/08\/engineering.jpg\" src=\"data:image\/svg+xml;charset=utf-8,%3Csvg%20xmlns%3D'http%3A%2F%2Fwww.w3.org%2F2000%2Fsvg'%20viewBox%3D'0%200%201536%201087'%2F%3E\" alt=\"\" data-nectar-img-srcset=\"https:\/\/merlinerd.com\/wp-content\/uploads\/2022\/08\/engineering.jpg 1536w, https:\/\/merlinerd.com\/wp-content\/uploads\/2022\/08\/engineering-300x212.jpg 300w, https:\/\/merlinerd.com\/wp-content\/uploads\/2022\/08\/engineering-1024x725.jpg 1024w, https:\/\/merlinerd.com\/wp-content\/uploads\/2022\/08\/engineering-768x544.jpg 768w, https:\/\/merlinerd.com\/wp-content\/uploads\/2022\/08\/engineering-18x12.jpg 18w\" sizes=\"(min-width: 1450px) 75vw, (min-width: 1000px) 85vw, 100vw\">\r\n            <\/a>\r\n          <\/div>\r\n        <\/div>\r\n      <\/div>\r\n      <\/div>\r\n<div class=\"wpb_text_column wpb_content_element\">\r\n\t<div class=\"wpb_wrapper\">\r\n\t\t<h2 style=\"text-align: center;\">Ingenier\u00eda<\/h2>\n<p>Los proyectos desafiantes necesitan una definici\u00f3n s\u00f3lida y una comprensi\u00f3n profunda de los riesgos para garantizar que los ingenieros construyan soluciones que preserven o mejoren el valor del proyecto. El equipo solucionador y creativo de Merlin est\u00e1 disponible para respaldar sus requisitos en cada una de nuestras \u00e1reas de servicio.<\/p>\n\t<\/div>\r\n<\/div>\r\n\r\n\r\n\r\n\n\t\t\t<\/div> \n\t\t<\/div>\n\t<\/div> \n<div class=\"vc_col-sm-4 wpb_column column_container vc_column_container col no-extra-padding  inherit_tablet inherit_phone mpc-column\" data-padding-pos=\"all\" data-has-bg-color=\"false\" data-bg-color=\"\" data-bg-opacity=\"1\" data-animation=\"\" data-delay=\"0\" data-column-id=\"mpc_column-8569d7e443cfc48\">\n\t\t<div class=\"vc_column-inner\">\n\t\t\t<div class=\"wpb_wrapper\">\n\t\t\t\t<div class=\"img-with-aniamtion-wrap\" data-max-width=\"100%\" data-max-width-mobile=\"default\" data-border-radius=\"3px\" data-shadow=\"small_depth\" data-animation=\"fade-in\">\r\n      <div class=\"inner\">\r\n        <div class=\"hover-wrap\" data-hover-animation=\"zoom\"> \r\n          <div class=\"hover-wrap-inner\">\r\n            <a href=\"\/es\/tdhsoftware\/\" target=\"_self\" class=\"\">\r\n              <img decoding=\"async\" class=\"img-with-animation skip-lazy  nectar-lazy\" data-delay=\"0\" height=\"1416\" width=\"2000\" data-animation=\"fade-in\" data-nectar-img-src=\"https:\/\/merlinerd.com\/wp-content\/uploads\/2021\/08\/CASE-STUY-scaled.jpg\" src=\"data:image\/svg+xml;charset=utf-8,%3Csvg%20xmlns%3D'http%3A%2F%2Fwww.w3.org%2F2000%2Fsvg'%20viewBox%3D'0%200%202000%201416'%2F%3E\" alt=\"\" data-nectar-img-srcset=\"https:\/\/merlinerd.com\/wp-content\/uploads\/2021\/08\/CASE-STUY-scaled.jpg 2000w, https:\/\/merlinerd.com\/wp-content\/uploads\/2021\/08\/CASE-STUY-300x212.jpg 300w, https:\/\/merlinerd.com\/wp-content\/uploads\/2021\/08\/CASE-STUY-1024x725.jpg 1024w, https:\/\/merlinerd.com\/wp-content\/uploads\/2021\/08\/CASE-STUY-768x544.jpg 768w, https:\/\/merlinerd.com\/wp-content\/uploads\/2021\/08\/CASE-STUY-1536x1087.jpg 1536w, https:\/\/merlinerd.com\/wp-content\/uploads\/2021\/08\/CASE-STUY-2048x1449.jpg 2048w\" sizes=\"(min-width: 1450px) 75vw, (min-width: 1000px) 85vw, 100vw\">\r\n            <\/a>\r\n          <\/div>\r\n        <\/div>\r\n      <\/div>\r\n      <\/div>\r\n<div class=\"wpb_text_column wpb_content_element\">\r\n\t<div class=\"wpb_wrapper\">\r\n\t\t<h2 style=\"text-align: center;\">Software<\/h2>\n<p style=\"text-align: left;\">Desarrollamos TDH para aprovechar nuestro conocimiento l\u00edder en la industria, perfeccionado en los pozos m\u00e1s complejos del mundo. Lo que estaba disponible comercialmente no cumpl\u00eda con nuestras necesidades, especialmente en la forma en que necesitamos utilizar los datos tanto en el campo como en la oficina.<\/p>\n\t<\/div>\r\n<\/div>\r\n\r\n\r\n\r\n\n\t\t\t<\/div> \n\t\t<\/div>\n\t<\/div> \n<\/div><\/div>","protected":false},"excerpt":{"rendered":"Home Services Merlin Tools AV Calculator Annular Velocity (AV) is one of the &ldquo;Three Pillars&rdquo; of effective hole cleaning in high-angle wellbores, with the other two being pipe rotation and","protected":false},"author":7,"featured_media":0,"parent":18962,"menu_order":0,"comment_status":"closed","ping_status":"closed","template":"","meta":{"footnotes":""},"class_list":["post-18985","page","type-page","status-publish"],"_links":{"self":[{"href":"https:\/\/merlinerd.com\/es\/wp-json\/wp\/v2\/pages\/18985","targetHints":{"allow":["GET"]}}],"collection":[{"href":"https:\/\/merlinerd.com\/es\/wp-json\/wp\/v2\/pages"}],"about":[{"href":"https:\/\/merlinerd.com\/es\/wp-json\/wp\/v2\/types\/page"}],"author":[{"embeddable":true,"href":"https:\/\/merlinerd.com\/es\/wp-json\/wp\/v2\/users\/7"}],"replies":[{"embeddable":true,"href":"https:\/\/merlinerd.com\/es\/wp-json\/wp\/v2\/comments?post=18985"}],"version-history":[{"count":10,"href":"https:\/\/merlinerd.com\/es\/wp-json\/wp\/v2\/pages\/18985\/revisions"}],"predecessor-version":[{"id":24770,"href":"https:\/\/merlinerd.com\/es\/wp-json\/wp\/v2\/pages\/18985\/revisions\/24770"}],"up":[{"embeddable":true,"href":"https:\/\/merlinerd.com\/es\/wp-json\/wp\/v2\/pages\/18962"}],"wp:attachment":[{"href":"https:\/\/merlinerd.com\/es\/wp-json\/wp\/v2\/media?parent=18985"}],"curies":[{"name":"wp","href":"https:\/\/api.w.org\/{rel}","templated":true}]}}