{"id":19919,"date":"2021-08-16T06:47:40","date_gmt":"2021-08-16T06:47:40","guid":{"rendered":"https:\/\/ihttpdev.co.uk\/merlin\/?page_id=19919"},"modified":"2025-09-29T14:40:00","modified_gmt":"2025-09-29T14:40:00","slug":"solutions","status":"publish","type":"page","link":"https:\/\/merlinerd.com\/es\/solutions\/","title":{"rendered":"Soluciones"},"content":{"rendered":"<div id=\"fws_69d7e442d6028\" data-column-margin=\"default\" data-midnight=\"dark\" data-top-percent=\"3%\" data-bottom-percent=\"3%\" class=\"wpb_row vc_row-fluid vc_row   mpc-row\" style=\"padding-top: calc(100vw * 0.03); padding-bottom: calc(100vw * 0.03); \"><div class=\"row-bg-wrap\" data-bg-animation=\"none\" data-bg-overlay=\"false\"><div class=\"inner-wrap\"><div class=\"row-bg\" style=\"\"><\/div><\/div><\/div><div class=\"row_col_wrap_12 col span_12 dark left\"><div class=\"vc_col-sm-12 wpb_column column_container vc_column_container col no-extra-padding  inherit_tablet inherit_phone mpc-column\" data-padding-pos=\"all\" data-has-bg-color=\"false\" data-bg-color=\"\" data-bg-opacity=\"1\" data-animation=\"\" data-delay=\"0\" data-column-id=\"mpc_column-4169d7e442d74f9\">\n\t\t<div class=\"vc_column-inner\">\n\t\t\t<div class=\"wpb_wrapper\">\n\t\t\t\t<div id=\"fws_69d7e442d6379\" data-midnight=\"\" data-column-margin=\"default\" class=\"wpb_row vc_row-fluid vc_row inner_row mpc-row\" style=\"\"><div class=\"row-bg-wrap\"> <div class=\"row-bg\"><\/div> <\/div><div class=\"row_col_wrap_12_inner col span_12  left\"><div class=\"vc_col-sm-3 wpb_column column_container vc_column_container col child_column no-extra-padding  inherit_tablet inherit_phone mpc-column\" data-padding-pos=\"all\" data-has-bg-color=\"false\" data-bg-color=\"\" data-bg-opacity=\"1\" data-animation=\"\" data-delay=\"0\" data-column-id=\"mpc_column-2269d7e442d6d63\">\n\t\t<div class=\"vc_column-inner\">\n\t\t<div class=\"wpb_wrapper\">\n\t\t\t<div class=\"img-with-aniamtion-wrap\" data-max-width=\"100%\" data-max-width-mobile=\"default\" data-shadow=\"none\" data-animation=\"fade-in\">\r\n      <div class=\"inner\">\r\n        <div class=\"hover-wrap\" data-hover-animation=\"zoom\"> \r\n          <div class=\"hover-wrap-inner\">\r\n            <a href=\"https:\/\/merlinerd.com\/es\/case-studies\/\" target=\"_self\" class=\"\">\r\n              <img decoding=\"async\" class=\"img-with-animation skip-lazy\" data-delay=\"0\" height=\"708\" width=\"1000\" data-animation=\"fade-in\" src=\"https:\/\/merlinerd.com\/wp-content\/uploads\/2021\/08\/laptop.jpg\" alt=\"\" srcset=\"https:\/\/merlinerd.com\/wp-content\/uploads\/2021\/08\/laptop.jpg 1000w, https:\/\/merlinerd.com\/wp-content\/uploads\/2021\/08\/laptop-300x212.jpg 300w, https:\/\/merlinerd.com\/wp-content\/uploads\/2021\/08\/laptop-768x544.jpg 768w\" sizes=\"(min-width: 1450px) 75vw, (min-width: 1000px) 85vw, 100vw\">\r\n            <\/a>\r\n          <\/div>\r\n        <\/div>\r\n      <\/div>\r\n      <\/div><div class=\"nectar-fancy-box using-img\" data-style=\"color_box_hover\" data-animation=\"\" data-hover-o=\"default\" data-border-radius=\"5px\" data-border=\"\" data-box-color-opacity=\"1\" data-delay=\"\" data-alignment=\"left\" data-color=\"accent-color\"><div class=\"box-inner-wrap\"><div class=\"box-bg\" data-nectar-img-src=\"https:\/\/merlinerd.com\/wp-content\/uploads\/2021\/08\/WITHOUT-IMAGE.jpg\"><\/div> <div class=\"inner\" style=\"min-height: 300px\"><div class=\"inner-wrap\">\n<h3>CASOS DE ESTUDIO<\/h3>\n<p>\u00bfC\u00f3mo puede beneficiarte trabajar con Merlin? Estos ejemplos reflejan una peque\u00f1a muestra de nuestro trabajo, apoyando la planificaci\u00f3n de pozos \u201cal l\u00edmite operativo\u201d (edge of the envelope), transformando la ejecuci\u00f3n de proyectos o simplemente demostrando los beneficios de nuestro software de ingenier\u00eda, TDH.<\/p><\/div><\/div>  <a href=\"\/es\/case-studies\/\" class=\"box-link\"><\/a><\/div> <\/div>\n\t\t<\/div> \n\t<\/div>\n\t<\/div> \n<div class=\"vc_col-sm-3 wpb_column column_container vc_column_container col child_column no-extra-padding  inherit_tablet inherit_phone mpc-column\" data-padding-pos=\"all\" data-has-bg-color=\"false\" data-bg-color=\"\" data-bg-opacity=\"1\" data-animation=\"\" data-delay=\"0\" data-column-id=\"mpc_column-5669d7e442d7319\">\n\t\t<div class=\"vc_column-inner\">\n\t\t<div class=\"wpb_wrapper\">\n\t\t\t<div class=\"img-with-aniamtion-wrap\" data-max-width=\"100%\" data-max-width-mobile=\"default\" data-shadow=\"none\" data-animation=\"fade-in\">\r\n      <div class=\"inner\">\r\n        <div class=\"hover-wrap\" data-hover-animation=\"zoom\"> \r\n          <div class=\"hover-wrap-inner\">\r\n            <a href=\"https:\/\/merlinerd.com\/es\/haggler\/\" target=\"_self\" class=\"\">\r\n              <img decoding=\"async\" class=\"img-with-animation skip-lazy\" data-delay=\"0\" height=\"708\" width=\"1000\" data-animation=\"fade-in\" src=\"https:\/\/merlinerd.com\/wp-content\/uploads\/2021\/08\/NEIL1.jpg\" alt=\"\" srcset=\"https:\/\/merlinerd.com\/wp-content\/uploads\/2021\/08\/NEIL1.jpg 1000w, https:\/\/merlinerd.com\/wp-content\/uploads\/2021\/08\/NEIL1-300x212.jpg 300w, https:\/\/merlinerd.com\/wp-content\/uploads\/2021\/08\/NEIL1-768x544.jpg 768w\" sizes=\"(min-width: 1450px) 75vw, (min-width: 1000px) 85vw, 100vw\">\r\n            <\/a>\r\n          <\/div>\r\n        <\/div>\r\n      <\/div>\r\n      <\/div><div class=\"nectar-fancy-box using-img\" data-style=\"color_box_hover\" data-animation=\"\" data-hover-o=\"default\" data-border-radius=\"5px\" data-border=\"\" data-box-color-opacity=\"1\" data-delay=\"\" data-alignment=\"left\" data-color=\"accent-color\"><div class=\"box-inner-wrap\"><div class=\"box-bg\" style=\"background-image: url('https:\/\/merlinerd.com\/wp-content\/uploads\/2021\/08\/laptop.jpg'); \"><\/div> <div class=\"inner\" style=\"min-height: 300px\"><div class=\"inner-wrap\">\n<h3>FRIDAY DRILLING HAGGLER<\/h3>\n<p>Merlin Engineering Director, Neil Armstrong puts your knowledge to the test with his popular &lsquo;Friday Drilling haggler&rsquo; see how many you can get right.<\/p><\/div><\/div>  <a href=\"\/es\/haggler\/\" class=\"box-link\"><\/a><\/div> <\/div>\n\t\t<\/div> \n\t<\/div>\n\t<\/div> \n<\/div><\/div>\n\t\t\t<\/div> \n\t\t<\/div>\n\t<\/div> \n<\/div><\/div>\r\n\t\t<div id=\"fws_69d7e442d7835\" data-column-margin=\"default\" data-midnight=\"dark\" class=\"wpb_row vc_row-fluid vc_row full-width-section   mpc-row\" style=\"padding-top: 0px; padding-bottom: 0px; \"><div class=\"row-bg-wrap\" data-bg-animation=\"none\" data-bg-overlay=\"false\"><div class=\"inner-wrap\"><div class=\"row-bg using-bg-color\" style=\"background-color: #0a0a0a; \"><\/div><\/div><\/div><div class=\"row_col_wrap_12 col span_12 dark left\"><div style=\"margin-top: 1%; margin-bottom: 1%; \" class=\"vc_col-sm-12 wpb_column column_container vc_column_container col no-extra-padding  inherit_tablet inherit_phone mpc-column\" data-padding-pos=\"all\" data-has-bg-color=\"false\" data-bg-color=\"\" data-bg-opacity=\"1\" data-animation=\"\" data-delay=\"0\" data-column-id=\"mpc_column-6569d7e442d823c\">\n\t\t<div class=\"vc_column-inner\">\n\t\t\t<div class=\"wpb_wrapper\">\n\t\t\t\t\t\r\n\t\t\r\n\t<div class=\"clients no-carousel five-cols\" data-he=\"greyscale_to_color\" data-additional_padding=\"4\">\r\n\t\t\t<div class=\"no-link\">\r\n\t\t<img decoding=\"async\" src=\"https:\/\/merlinerd.com\/wp-content\/uploads\/2021\/05\/Total.png\" alt=\"client\" width=\"161\" height=\"200\">\t<\/div>\r\n\t<div class=\"no-link\">\r\n\t\t<img decoding=\"async\" src=\"https:\/\/merlinerd.com\/wp-content\/uploads\/2021\/05\/One-Dyas.png\" alt=\"client\" width=\"1254\" height=\"867\">\t<\/div>\r\n\t<div class=\"no-link\">\r\n\t\t<img decoding=\"async\" src=\"https:\/\/merlinerd.com\/wp-content\/uploads\/2021\/05\/Apache-Logo.png\" alt=\"client\" width=\"337\" height=\"140\">\t<\/div>\r\n\t<div class=\"no-link\">\r\n\t\t<img decoding=\"async\" src=\"https:\/\/merlinerd.com\/wp-content\/uploads\/2021\/05\/beach-energy-logo.png\" alt=\"client\" width=\"368\" height=\"117\">\t<\/div>\r\n\t<div class=\"no-link\">\r\n\t\t<img decoding=\"async\" src=\"https:\/\/merlinerd.com\/wp-content\/uploads\/2021\/05\/brand_logo_Shell.png\" alt=\"client\" width=\"172\" height=\"160\">\t<\/div>\r\n\t<\/div>\r\n\t\r\n\n\t\t\t<\/div> \n\t\t<\/div>\n\t<\/div> \n<\/div><\/div>\r\n\t\t<div id=\"fws_69d7e442d847c\" data-column-margin=\"default\" data-midnight=\"dark\" class=\"wpb_row vc_row-fluid vc_row   mpc-row\" style=\"padding-top: 0px; padding-bottom: 0px; \"><div class=\"row-bg-wrap\" data-bg-animation=\"none\" data-bg-overlay=\"false\"><div class=\"inner-wrap\"><div class=\"row-bg\" style=\"\"><\/div><\/div><\/div><div class=\"row_col_wrap_12 col span_12 dark left\"><div class=\"vc_col-sm-12 wpb_column column_container vc_column_container col no-extra-padding  inherit_tablet inherit_phone mpc-column\" data-padding-pos=\"all\" data-has-bg-color=\"false\" data-bg-color=\"\" data-bg-opacity=\"1\" data-animation=\"\" data-delay=\"0\" data-column-id=\"mpc_column-4669d7e442d9467\">\n\t\t<div class=\"vc_column-inner\">\n\t\t\t<div class=\"wpb_wrapper\">\n\t\t\t\t\r\n\t\t<div id=\"fws_69d7e442d8884\" data-column-margin=\"default\" data-midnight=\"light\" data-top-percent=\"5%\" data-bottom-percent=\"5%\" class=\"wpb_row vc_row-fluid vc_row full-width-section  vc_row-o-equal-height vc_row-flex  vc_row-o-content-middle   mpc-row\" style=\"padding-top: calc(100vw * 0.05); padding-bottom: calc(100vw * 0.05); \"><div class=\"row-bg-wrap\" data-bg-animation=\"none\" data-bg-overlay=\"false\"><div class=\"inner-wrap using-image\"><div class=\"row-bg using-image\" style=\"background-position: center center; background-repeat: no-repeat; \" data-nectar-img-src=\"https:\/\/merlinerd.com\/wp-content\/uploads\/2021\/05\/Sea-Merlin-Background.png\"><\/div><\/div><\/div><div class=\"row_col_wrap_12 col span_12 light left\"><div class=\"vc_col-sm-12 wpb_column column_container vc_column_container col no-extra-padding  inherit_tablet inherit_phone mpc-column\" data-padding-pos=\"all\" data-has-bg-color=\"false\" data-bg-color=\"\" data-bg-opacity=\"1\" data-animation=\"\" data-delay=\"0\" data-column-id=\"mpc_column-3469d7e442d92f5\">\n\t\t<div class=\"vc_column-inner\">\n\t\t\t<div class=\"wpb_wrapper\">\n\t\t\t\t<div id=\"fws_69d7e442d8b01\" data-midnight=\"\" data-column-margin=\"default\" class=\"wpb_row vc_row-fluid vc_row inner_row mpc-row\" style=\"\"><div class=\"row-bg-wrap\"> <div class=\"row-bg\"><\/div> <\/div><div class=\"row_col_wrap_12_inner col span_12  left\"><div class=\"vc_col-sm-2 wpb_column column_container vc_column_container col child_column no-extra-padding  inherit_tablet inherit_phone mpc-column\" data-padding-pos=\"all\" data-has-bg-color=\"false\" data-bg-color=\"\" data-bg-opacity=\"1\" data-animation=\"\" data-delay=\"0\" data-column-id=\"mpc_column-2969d7e442d8c96\">\n\t\t<div class=\"vc_column-inner\">\n\t\t<div class=\"wpb_wrapper\">\n\t\t\t\n\t\t<\/div> \n\t<\/div>\n\t<\/div> \n<div class=\"vc_col-sm-8 wpb_column column_container vc_column_container col child_column centered-text padding-2-percent  inherit_tablet inherit_phone mpc-column\" data-padding-pos=\"left-right\" data-has-bg-color=\"false\" data-bg-color=\"\" data-bg-opacity=\"1\" data-animation=\"\" data-delay=\"0\" data-column-id=\"mpc_column-8569d7e442d90bd\">\n\t\t<div class=\"vc_column-inner\">\n\t\t<div class=\"wpb_wrapper\">\n\t\t\t<h2 style=\"font-size: 52px;line-height: 52px;text-align: center\" class=\"vc_custom_heading\">Ponte en contacto<\/h2><div class=\"divider-wrap\" data-alignment=\"default\"><div style=\"height: 10px;\" class=\"divider\"><\/div><\/div><a class=\"nectar-button large see-through-3  has-icon\" style=\"margin-top: 25px; border-color: #f3f3f3;\" href=\"\/es\/contact\/\" data-color-override=\"#f3f3f3\" data-hover-color-override=\"#0a0000\" data-hover-text-color-override=\"#000000\"><span>Cont\u00e1ctanos<\/span><i class=\"fa fa-long-arrow-right\"><\/i><\/a>\n\t\t<\/div> \n\t<\/div>\n\t<\/div> \n<div class=\"vc_col-sm-2 wpb_column column_container vc_column_container col child_column no-extra-padding  inherit_tablet inherit_phone mpc-column\" data-padding-pos=\"all\" data-has-bg-color=\"false\" data-bg-color=\"\" data-bg-opacity=\"1\" data-animation=\"\" data-delay=\"0\" data-column-id=\"mpc_column-5369d7e442d9206\">\n\t\t<div class=\"vc_column-inner\">\n\t\t<div class=\"wpb_wrapper\">\n\t\t\t\n\t\t<\/div> \n\t<\/div>\n\t<\/div> \n<\/div><\/div>\n\t\t\t<\/div> \n\t\t<\/div>\n\t<\/div> \n<\/div><\/div>\n\t\t\t<\/div> \n\t\t<\/div>\n\t<\/div> \n<\/div><\/div>","protected":false},"excerpt":{"rendered":"CASE STUDIES How can working with Merlin benefit your organisation? These examples reflect a small selection of our work, supporting the planning of &ldquo;edge of the envelope&rdquo; wells, transforming project","protected":false},"author":7,"featured_media":0,"parent":0,"menu_order":0,"comment_status":"closed","ping_status":"closed","template":"","meta":{"footnotes":""},"class_list":["post-19919","page","type-page","status-publish"],"_links":{"self":[{"href":"https:\/\/merlinerd.com\/es\/wp-json\/wp\/v2\/pages\/19919","targetHints":{"allow":["GET"]}}],"collection":[{"href":"https:\/\/merlinerd.com\/es\/wp-json\/wp\/v2\/pages"}],"about":[{"href":"https:\/\/merlinerd.com\/es\/wp-json\/wp\/v2\/types\/page"}],"author":[{"embeddable":true,"href":"https:\/\/merlinerd.com\/es\/wp-json\/wp\/v2\/users\/7"}],"replies":[{"embeddable":true,"href":"https:\/\/merlinerd.com\/es\/wp-json\/wp\/v2\/comments?post=19919"}],"version-history":[{"count":3,"href":"https:\/\/merlinerd.com\/es\/wp-json\/wp\/v2\/pages\/19919\/revisions"}],"predecessor-version":[{"id":25877,"href":"https:\/\/merlinerd.com\/es\/wp-json\/wp\/v2\/pages\/19919\/revisions\/25877"}],"wp:attachment":[{"href":"https:\/\/merlinerd.com\/es\/wp-json\/wp\/v2\/media?parent=19919"}],"curies":[{"name":"wp","href":"https:\/\/api.w.org\/{rel}","templated":true}]}}