{"id":22292,"date":"2022-08-04T11:23:21","date_gmt":"2022-08-04T11:23:21","guid":{"rendered":"https:\/\/merlinerd.com\/?page_id=22292"},"modified":"2023-02-08T14:50:47","modified_gmt":"2023-02-08T14:50:47","slug":"tool-kit","status":"publish","type":"page","link":"https:\/\/merlinerd.com\/es\/tool-kit\/","title":{"rendered":"Kit de Herramientas"},"content":{"rendered":"<div id=\"fws_69dfc878774fb\" data-column-margin=\"default\" data-midnight=\"dark\" data-top-percent=\"0%\" data-bottom-percent=\"0%\" class=\"wpb_row vc_row-fluid vc_row   mpc-row\" style=\"padding-top: calc(100vw * 0.00); padding-bottom: calc(100vw * 0.00); \"><div class=\"row-bg-wrap\" data-bg-animation=\"none\" data-bg-overlay=\"false\"><div class=\"inner-wrap\"><div class=\"row-bg\" style=\"\"><\/div><\/div><\/div><div class=\"row_col_wrap_12 col span_12 dark left\"><div class=\"vc_col-sm-12 wpb_column column_container vc_column_container col no-extra-padding  inherit_tablet inherit_phone mpc-column\" data-padding-pos=\"all\" data-has-bg-color=\"false\" data-bg-color=\"\" data-bg-opacity=\"1\" data-animation=\"\" data-delay=\"0\" data-column-id=\"mpc_column-4369dfc878785fd\">\n\t\t<div class=\"vc_column-inner\">\n\t\t\t<div class=\"wpb_wrapper\">\n\t\t\t\t<div class=\"ult-spacer spacer-69dfc87877720\" data-id=\"69dfc87877720\" data-height=\"\" data-height-mobile=\"\" data-height-tab=\"\" data-height-tab-portrait=\"\" data-height-mobile-landscape=\"\" style=\"clear:both;display:block;\"><\/div>\r\n<div class=\"wpb_text_column wpb_content_element\">\r\n\t<div class=\"wpb_wrapper\">\r\n\t\t<h2>Kit de Herramientas<\/h2>\n\t<\/div>\r\n<\/div>\r\n\r\n\r\n\r\n<div id=\"fws_69dfc878778e1\" data-midnight=\"\" data-column-margin=\"default\" class=\"wpb_row vc_row-fluid vc_row inner_row mpc-row\" style=\"\"><div class=\"row-bg-wrap\"> <div class=\"row-bg\"><\/div> <\/div><div class=\"row_col_wrap_12_inner col span_12  left\"><div class=\"vc_col-sm-6 wpb_column column_container vc_column_container col child_column no-extra-padding  inherit_tablet inherit_phone mpc-column\" data-padding-pos=\"all\" data-has-bg-color=\"false\" data-bg-color=\"\" data-bg-opacity=\"1\" data-animation=\"\" data-delay=\"0\" data-column-id=\"mpc_column-1469dfc8787813e\">\n\t\t<div class=\"vc_column-inner\">\n\t\t<div class=\"wpb_wrapper\">\n\t\t\t<div class=\"nectar-fancy-box using-img\" data-style=\"color_box_basic\" data-animation=\"\" data-hover-o=\"default\" data-border-radius=\"5px\" data-border=\"\" data-box-color-opacity=\"0\" data-delay=\"\" data-alignment=\"left\" data-color=\"accent-color\" style=\"color: #ffffff;\"><div class=\"box-bg\" data-nectar-img-src=\"https:\/\/merlinerd.com\/wp-content\/uploads\/2021\/08\/WITHOUT-IMAGE.jpg\" style=\"\"><\/div> <div class=\"inner\" style=\"min-height: 300px\">\n<h3>Calculadora de Velocidad Anular<\/h3>\n<p>Velocidad Anular (VA) es uno de los tres elementos clave para una limpieza efectiva del pozo en pozos de alto \u00e1ngulo (\u201cLos Tres Pilares\u201d, siendo los otros dos la rotaci\u00f3n de la tuber\u00eda y la reolog\u00eda de baja gama del fluido de perforaci\u00f3n).<\/p><\/div>  <a href=\"\/es\/annular-velocity-form\/\" class=\"box-link\"><\/a> <\/div>\n\t\t<\/div> \n\t<\/div>\n\t<\/div> \n<div class=\"vc_col-sm-6 wpb_column column_container vc_column_container col child_column no-extra-padding  inherit_tablet inherit_phone mpc-column\" data-padding-pos=\"all\" data-has-bg-color=\"false\" data-bg-color=\"\" data-bg-opacity=\"1\" data-animation=\"\" data-delay=\"0\" data-column-id=\"mpc_column-8469dfc8787848e\">\n\t\t<div class=\"vc_column-inner\">\n\t\t<div class=\"wpb_wrapper\">\n\t\t\t<div class=\"nectar-fancy-box using-img\" data-style=\"color_box_basic\" data-animation=\"\" data-hover-o=\"default\" data-border-radius=\"5px\" data-border=\"\" data-box-color-opacity=\"0\" data-delay=\"\" data-alignment=\"left\" data-color=\"accent-color\" style=\"color: #ffffff;\"><div class=\"box-bg\" style=\"background-image: url('https:\/\/merlinerd.com\/wp-content\/uploads\/2022\/01\/office1-scaled.jpg'); \"><\/div> <div class=\"inner\" style=\"min-height: 300px\">\n<h3>Herramienta de Diagn\u00f3stico del Mecanismo de Pega de Tuber\u00eda<\/h3>\n<p>Stuck pipe is one of the most common and costly causes of drilling non-productive time. When this occurs, selecting and implementing the most appropriate first action &ndash; and subsequent solution &ndash; often relies on the timely and accurate identification of the sticking mechanism at play, along with a thorough understanding of the mechanism and its causes<\/p><\/div>  <a href=\"\/es\/stuck-pipe-mechanism-diagnosis-form\/\" class=\"box-link\"><\/a> <\/div>\n\t\t<\/div> \n\t<\/div>\n\t<\/div> \n<\/div><\/div>\n\t\t\t<\/div> \n\t\t<\/div>\n\t<\/div> \n<\/div><\/div>\r\n\t\t<div id=\"fws_69dfc878788b6\" data-column-margin=\"default\" data-midnight=\"dark\" class=\"wpb_row vc_row-fluid vc_row full-width-section   mpc-row\" style=\"padding-top: 0px; padding-bottom: 0px; \"><div class=\"row-bg-wrap\" data-bg-animation=\"none\" data-bg-overlay=\"false\"><div class=\"inner-wrap\"><div class=\"row-bg using-bg-color\" style=\"background-color: #0a0a0a; \"><\/div><\/div><\/div><div class=\"row_col_wrap_12 col span_12 dark left\"><div style=\"margin-top: 1%; margin-bottom: 1%; \" class=\"vc_col-sm-12 wpb_column column_container vc_column_container col no-extra-padding  inherit_tablet inherit_phone mpc-column\" data-padding-pos=\"all\" data-has-bg-color=\"false\" data-bg-color=\"\" data-bg-opacity=\"1\" data-animation=\"\" data-delay=\"0\" data-column-id=\"mpc_column-2169dfc87878f9b\">\n\t\t<div class=\"vc_column-inner\">\n\t\t\t<div class=\"wpb_wrapper\">\n\t\t\t\t\t\r\n\t\t\r\n\t<div class=\"clients no-carousel five-cols\" data-he=\"greyscale_to_color\" data-additional_padding=\"4\">\r\n\t\t\t<div class=\"no-link\">\r\n\t\t<img decoding=\"async\" src=\"https:\/\/merlinerd.com\/wp-content\/uploads\/2021\/05\/Total.png\" alt=\"client\" width=\"161\" height=\"200\">\t<\/div>\r\n\t<div class=\"no-link\">\r\n\t\t<img decoding=\"async\" src=\"https:\/\/merlinerd.com\/wp-content\/uploads\/2021\/05\/One-Dyas.png\" alt=\"client\" width=\"1254\" height=\"867\">\t<\/div>\r\n\t<div class=\"no-link\">\r\n\t\t<img decoding=\"async\" src=\"https:\/\/merlinerd.com\/wp-content\/uploads\/2021\/05\/Apache-Logo.png\" alt=\"client\" width=\"337\" height=\"140\">\t<\/div>\r\n\t<div class=\"no-link\">\r\n\t\t<img decoding=\"async\" src=\"https:\/\/merlinerd.com\/wp-content\/uploads\/2021\/05\/beach-energy-logo.png\" alt=\"client\" width=\"368\" height=\"117\">\t<\/div>\r\n\t<div class=\"no-link\">\r\n\t\t<img decoding=\"async\" src=\"https:\/\/merlinerd.com\/wp-content\/uploads\/2021\/05\/brand_logo_Shell.png\" alt=\"client\" width=\"172\" height=\"160\">\t<\/div>\r\n\t<\/div>\r\n\t\r\n\n\t\t\t<\/div> \n\t\t<\/div>\n\t<\/div> \n<\/div><\/div>\r\n\t\t<div id=\"fws_69dfc878791cb\" data-column-margin=\"default\" data-midnight=\"dark\" class=\"wpb_row vc_row-fluid vc_row   mpc-row\" style=\"padding-top: 0px; padding-bottom: 0px; \"><div class=\"row-bg-wrap\" data-bg-animation=\"none\" data-bg-overlay=\"false\"><div class=\"inner-wrap\"><div class=\"row-bg\" style=\"\"><\/div><\/div><\/div><div class=\"row_col_wrap_12 col span_12 dark left\"><div class=\"vc_col-sm-12 wpb_column column_container vc_column_container col no-extra-padding  inherit_tablet inherit_phone mpc-column\" data-padding-pos=\"all\" data-has-bg-color=\"false\" data-bg-color=\"\" data-bg-opacity=\"1\" data-animation=\"\" data-delay=\"0\" data-column-id=\"mpc_column-2169dfc8787a1d6\">\n\t\t<div class=\"vc_column-inner\">\n\t\t\t<div class=\"wpb_wrapper\">\n\t\t\t\t\r\n\t\t<div id=\"fws_69dfc878795bf\" data-column-margin=\"default\" data-midnight=\"light\" data-top-percent=\"5%\" data-bottom-percent=\"5%\" class=\"wpb_row vc_row-fluid vc_row full-width-section  vc_row-o-equal-height vc_row-flex  vc_row-o-content-middle   mpc-row\" style=\"padding-top: calc(100vw * 0.05); padding-bottom: calc(100vw * 0.05); \"><div class=\"row-bg-wrap\" data-bg-animation=\"none\" data-bg-overlay=\"false\"><div class=\"inner-wrap using-image\"><div class=\"row-bg using-image\" style=\"background-position: center center; background-repeat: no-repeat; \" data-nectar-img-src=\"https:\/\/merlinerd.com\/wp-content\/uploads\/2021\/05\/Sea-Merlin-Background.png\"><\/div><\/div><\/div><div class=\"row_col_wrap_12 col span_12 light left\"><div class=\"vc_col-sm-12 wpb_column column_container vc_column_container col no-extra-padding  inherit_tablet inherit_phone mpc-column\" data-padding-pos=\"all\" data-has-bg-color=\"false\" data-bg-color=\"\" data-bg-opacity=\"1\" data-animation=\"\" data-delay=\"0\" data-column-id=\"mpc_column-8969dfc8787a062\">\n\t\t<div class=\"vc_column-inner\">\n\t\t\t<div class=\"wpb_wrapper\">\n\t\t\t\t<div id=\"fws_69dfc87879845\" data-midnight=\"\" data-column-margin=\"default\" class=\"wpb_row vc_row-fluid vc_row inner_row mpc-row\" style=\"\"><div class=\"row-bg-wrap\"> <div class=\"row-bg\"><\/div> <\/div><div class=\"row_col_wrap_12_inner col span_12  left\"><div class=\"vc_col-sm-2 wpb_column column_container vc_column_container col child_column no-extra-padding  inherit_tablet inherit_phone mpc-column\" data-padding-pos=\"all\" data-has-bg-color=\"false\" data-bg-color=\"\" data-bg-opacity=\"1\" data-animation=\"\" data-delay=\"0\" data-column-id=\"mpc_column-8469dfc878799d1\">\n\t\t<div class=\"vc_column-inner\">\n\t\t<div class=\"wpb_wrapper\">\n\t\t\t\n\t\t<\/div> \n\t<\/div>\n\t<\/div> \n<div class=\"vc_col-sm-8 wpb_column column_container vc_column_container col child_column centered-text padding-2-percent  inherit_tablet inherit_phone mpc-column\" data-padding-pos=\"left-right\" data-has-bg-color=\"false\" data-bg-color=\"\" data-bg-opacity=\"1\" data-animation=\"\" data-delay=\"0\" data-column-id=\"mpc_column-8469dfc87879e36\">\n\t\t<div class=\"vc_column-inner\">\n\t\t<div class=\"wpb_wrapper\">\n\t\t\t<h2 style=\"font-size: 52px;line-height: 52px;text-align: center\" class=\"vc_custom_heading\">Ponte en contacto<\/h2><div class=\"divider-wrap\" data-alignment=\"default\"><div style=\"height: 10px;\" class=\"divider\"><\/div><\/div><a class=\"nectar-button large see-through-3  has-icon\" style=\"margin-top: 25px; border-color: #f3f3f3;\" href=\"\/es\/contact\/\" data-color-override=\"#f3f3f3\" data-hover-color-override=\"#0a0000\" data-hover-text-color-override=\"#000000\"><span>Cont\u00e1ctanos<\/span><i class=\"fa fa-long-arrow-right\"><\/i><\/a>\n\t\t<\/div> \n\t<\/div>\n\t<\/div> \n<div class=\"vc_col-sm-2 wpb_column column_container vc_column_container col child_column no-extra-padding  inherit_tablet inherit_phone mpc-column\" data-padding-pos=\"all\" data-has-bg-color=\"false\" data-bg-color=\"\" data-bg-opacity=\"1\" data-animation=\"\" data-delay=\"0\" data-column-id=\"mpc_column-569dfc87879f7c\">\n\t\t<div class=\"vc_column-inner\">\n\t\t<div class=\"wpb_wrapper\">\n\t\t\t\n\t\t<\/div> \n\t<\/div>\n\t<\/div> \n<\/div><\/div>\n\t\t\t<\/div> \n\t\t<\/div>\n\t<\/div> \n<\/div><\/div>\n\t\t\t<\/div> \n\t\t<\/div>\n\t<\/div> \n<\/div><\/div>","protected":false},"excerpt":{"rendered":"Tool Kit Annular Velocity Calculator Annular Velocity (AV) is one of the &ldquo;Three Pillars&rdquo; of effective hole cleaning in high-angle wellbores, with the other two being pipe rotation and the","protected":false},"author":7,"featured_media":0,"parent":0,"menu_order":0,"comment_status":"closed","ping_status":"closed","template":"","meta":{"footnotes":""},"class_list":["post-22292","page","type-page","status-publish"],"_links":{"self":[{"href":"https:\/\/merlinerd.com\/es\/wp-json\/wp\/v2\/pages\/22292","targetHints":{"allow":["GET"]}}],"collection":[{"href":"https:\/\/merlinerd.com\/es\/wp-json\/wp\/v2\/pages"}],"about":[{"href":"https:\/\/merlinerd.com\/es\/wp-json\/wp\/v2\/types\/page"}],"author":[{"embeddable":true,"href":"https:\/\/merlinerd.com\/es\/wp-json\/wp\/v2\/users\/7"}],"replies":[{"embeddable":true,"href":"https:\/\/merlinerd.com\/es\/wp-json\/wp\/v2\/comments?post=22292"}],"version-history":[{"count":10,"href":"https:\/\/merlinerd.com\/es\/wp-json\/wp\/v2\/pages\/22292\/revisions"}],"predecessor-version":[{"id":22940,"href":"https:\/\/merlinerd.com\/es\/wp-json\/wp\/v2\/pages\/22292\/revisions\/22940"}],"wp:attachment":[{"href":"https:\/\/merlinerd.com\/es\/wp-json\/wp\/v2\/media?parent=22292"}],"curies":[{"name":"wp","href":"https:\/\/api.w.org\/{rel}","templated":true}]}}