{"id":22726,"date":"2022-10-26T13:55:12","date_gmt":"2022-10-26T13:55:12","guid":{"rendered":"https:\/\/merlinerd.com\/?page_id=22726"},"modified":"2024-10-22T10:56:09","modified_gmt":"2024-10-22T10:56:09","slug":"erd-nose-plot","status":"publish","type":"page","link":"https:\/\/merlinerd.com\/es\/erd-nose-plot\/","title":{"rendered":"Gr\u00e1fico ERD Nose"},"content":{"rendered":"<div id=\"fws_69f3775237a7f\" data-column-margin=\"default\" data-midnight=\"dark\" data-top-percent=\"3%\" data-bottom-percent=\"3%\" class=\"wpb_row vc_row-fluid vc_row full-width-section   mpc-row\" style=\"padding-top: calc(100vw * 0.03); padding-bottom: calc(100vw * 0.03); \"><div class=\"row-bg-wrap\" data-bg-animation=\"none\" data-bg-overlay=\"false\"><div class=\"inner-wrap\"><div class=\"row-bg using-bg-color\" style=\"background-color: #ffffff; \"><\/div><\/div><\/div><div class=\"row_col_wrap_12 col span_12 dark left\"><div style=\" color: #0a0a0a;\" class=\"vc_col-sm-6 wpb_column column_container vc_column_container col no-extra-padding  inherit_tablet inherit_phone mpc-column\" data-padding-pos=\"all\" data-has-bg-color=\"false\" data-bg-color=\"\" data-bg-opacity=\"1\" data-animation=\"\" data-delay=\"0\" data-column-id=\"mpc_column-3269f3775237f1c\">\n\t\t<div class=\"vc_column-inner\">\n\t\t\t<div class=\"wpb_wrapper\">\n\t\t\t\t\r\n<div class=\"wpb_text_column wpb_content_element\">\r\n\t<div class=\"wpb_wrapper\">\r\n\t\t<h2><span style=\"color: #eb660a;\">Gr\u00e1fico ERD Nose<\/span><\/h2>\n<h2>Superando los L\u00edmites<\/h2>\n<p>A medida que las reservas se vuelven m\u00e1s peque\u00f1as y dif\u00edciles de acceder, los pozos de alcance extendido (ERD) y los pozos complejos adquieren una importancia cada vez mayor, ya que permiten explotar hidrocarburos que, de otro modo, ser\u00edan antiecon\u00f3micos de producir.\nNuestra metodolog\u00eda hol\u00edstica reduce los costos de perforaci\u00f3n y completamiento, mejora las tasas de producci\u00f3n y puede ayudar a minimizar el impacto ambiental de las operaciones, extendiendo la vida productiva de los campos existentes y reduciendo la necesidad de exploraciones adicionales.<\/p>\n\t<\/div>\r\n<\/div>\r\n\r\n\r\n\r\n<div class=\"tilt-button-wrap\"> <div class=\"tilt-button-inner\"><a class=\"nectar-button large regular-tilt accent-color tilt  regular-button buttonnewreplacement\" style=\"color: #333333; \" target=\"_blank\" href=\"https:\/\/merlinerd.com\/wp-content\/uploads\/2021\/08\/Noseplot-data-1.jpg\" data-color-override=\"false\" data-hover-color-override=\"false\" data-hover-text-color-override=\"#fff\"><span>Descarga Gr\u00e1fico Nose<\/span><\/a><\/div><\/div>\n\t\t\t<\/div> \n\t\t<\/div>\n\t<\/div> \n<div class=\"vc_col-sm-6 wpb_column column_container vc_column_container col no-extra-padding  inherit_tablet inherit_phone mpc-column\" data-padding-pos=\"all\" data-has-bg-color=\"false\" data-bg-color=\"\" data-bg-opacity=\"1\" data-animation=\"\" data-delay=\"0\" data-column-id=\"mpc_column-9569f37752382dd\">\n\t\t<div class=\"vc_column-inner\">\n\t\t\t<div class=\"wpb_wrapper\">\n\t\t\t\t<div class=\"nectar_video_player_self_hosted wpb_video_widget wpb_content_element vc_clearfix vc_video-aspect-ratio-169 vc_video-el-width-100 vc_video-align-center\" data-border-radius=\"none\" data-shadow=\"none\">\r\n<div class=\"wpb_wrapper\"><div class=\"wpb_video_wrapper\"><video width=\"1280\" height=\"720\" preload=\"auto\" loop controls controlslist=\"nodownload\" autoplay muted playsinline><source src=\"https:\/\/merlinerd.com\/wp-content\/uploads\/2021\/08\/merlin_transparent_7.mp4\" type=\"video\/mp4\"><\/source><\/video><\/div><\/div><\/div>\n\t\t\t<\/div> \n\t\t<\/div>\n\t<\/div> \n<\/div><\/div>\r\n\t\t<div id=\"fws_69f377523857b\" data-column-margin=\"default\" data-midnight=\"dark\" class=\"wpb_row vc_row-fluid vc_row   mpc-row\" style=\"padding-top: 30px; padding-bottom: 0px; \"><div class=\"row-bg-wrap\" data-bg-animation=\"none\" data-bg-overlay=\"false\"><div class=\"inner-wrap\"><div class=\"row-bg using-bg-color\" style=\"background-color: #ffffff; \"><\/div><\/div><\/div><div class=\"row_col_wrap_12 col span_12 dark left\"><div class=\"vc_col-sm-12 wpb_column column_container vc_column_container col centered-text no-extra-padding  inherit_tablet inherit_phone mpc-column\" data-padding-pos=\"all\" data-has-bg-color=\"false\" data-bg-color=\"\" data-bg-opacity=\"1\" data-animation=\"\" data-delay=\"0\" data-column-id=\"mpc_column-4069f3775238822\">\n\t\t<div class=\"vc_column-inner\">\n\t\t\t<div class=\"wpb_wrapper\">\n\t\t\t\t\r\n<div class=\"wpb_text_column wpb_content_element\">\r\n\t<div class=\"wpb_wrapper\">\r\n\t\t<h2 style=\"text-align: center;\"><span style=\"color: #eb660a;\">Comprometidos Globalmente&nbsp;<\/span><\/h2>\n\t<\/div>\r\n<\/div>\r\n\r\n\r\n\r\n\r\n<div class=\"wpb_text_column wpb_content_element\">\r\n\t<div class=\"wpb_wrapper\">\r\n\t\t<p><video style=\"width: 100%;\" src=\"https:\/\/merlinerd.com\/wp-content\/uploads\/2021\/05\/map_from_UK.mov\" autoplay=\"autoplay\" loop=\"loop\" muted=\"\" width=\"1200px\" height=\"500px\"><\/video><\/p>\n\t<\/div>\r\n<\/div>\r\n\r\n\r\n\r\n\n\t\t\t<\/div> \n\t\t<\/div>\n\t<\/div> \n<\/div><\/div>\r\n\t\t<div id=\"fws_69f3775238a5a\" data-column-margin=\"default\" data-midnight=\"dark\" class=\"wpb_row vc_row-fluid vc_row   mpc-row\" style=\"padding-top: 0px; padding-bottom: 0px; \"><div class=\"row-bg-wrap\" data-bg-animation=\"none\" data-bg-overlay=\"false\"><div class=\"inner-wrap\"><div class=\"row-bg\" style=\"\"><\/div><\/div><\/div><div class=\"row_col_wrap_12 col span_12 dark left\"><div class=\"vc_col-sm-12 wpb_column column_container vc_column_container col no-extra-padding  inherit_tablet inherit_phone mpc-column\" data-padding-pos=\"all\" data-has-bg-color=\"false\" data-bg-color=\"\" data-bg-opacity=\"1\" data-animation=\"\" data-delay=\"0\" data-column-id=\"mpc_column-8069f37752398c4\">\n\t\t<div class=\"vc_column-inner\">\n\t\t\t<div class=\"wpb_wrapper\">\n\t\t\t\t\r\n\t\t<div id=\"fws_69f3775238df7\" data-column-margin=\"default\" data-midnight=\"dark\" class=\"wpb_row vc_row-fluid vc_row full-width-section   mpc-row\" style=\"padding-top: 0px; padding-bottom: 0px; \"><div class=\"row-bg-wrap\" data-bg-animation=\"none\" data-bg-overlay=\"false\"><div class=\"inner-wrap\"><div class=\"row-bg using-bg-color\" style=\"background-color: #ffffff; \"><\/div><\/div><\/div><div class=\"row_col_wrap_12 col span_12 dark left\"><div style=\"margin-top: 1%; margin-bottom: 1%; \" class=\"vc_col-sm-12 wpb_column column_container vc_column_container col no-extra-padding  inherit_tablet inherit_phone mpc-column\" data-padding-pos=\"all\" data-has-bg-color=\"false\" data-bg-color=\"\" data-bg-opacity=\"1\" data-animation=\"\" data-delay=\"0\" data-column-id=\"mpc_column-9869f37752397a0\">\n\t\t<div class=\"vc_column-inner\">\n\t\t\t<div class=\"wpb_wrapper\">\n\t\t\t\t\t\r\n\t\t\r\n\t<div class=\"clients no-carousel five-cols\" data-he=\"greyscale_to_color\" data-additional_padding=\"4\">\r\n\t\t\t<div class=\"no-link\">\r\n\t\t<img decoding=\"async\" src=\"https:\/\/merlinerd.com\/wp-content\/uploads\/2021\/10\/logo_totalenergies.png\" alt=\"client\" width=\"208\" height=\"152\">\t<\/div>\r\n\t<div class=\"no-link\">\r\n\t\t<img decoding=\"async\" src=\"https:\/\/merlinerd.com\/wp-content\/uploads\/2021\/05\/One-Dyas.png\" alt=\"client\" width=\"1254\" height=\"867\">\t<\/div>\r\n\t<div class=\"no-link\">\r\n\t\t<img decoding=\"async\" src=\"https:\/\/merlinerd.com\/wp-content\/uploads\/2021\/05\/Apache-Logo.png\" alt=\"client\" width=\"337\" height=\"140\">\t<\/div>\r\n\t<div class=\"no-link\">\r\n\t\t<img decoding=\"async\" src=\"https:\/\/merlinerd.com\/wp-content\/uploads\/2021\/05\/beach-energy-logo.png\" alt=\"client\" width=\"368\" height=\"117\">\t<\/div>\r\n\t<div class=\"no-link\">\r\n\t\t<img decoding=\"async\" src=\"https:\/\/merlinerd.com\/wp-content\/uploads\/2021\/05\/brand_logo_Shell.png\" alt=\"client\" width=\"172\" height=\"160\">\t<\/div>\r\n\t<\/div>\r\n\t\r\n\n\t\t\t<\/div> \n\t\t<\/div>\n\t<\/div> \n<\/div><\/div>\n\t\t\t<\/div> \n\t\t<\/div>\n\t<\/div> \n<\/div><\/div>","protected":false},"excerpt":{"rendered":"ERD Nose Plot Pushing the boundaries As reserves become smaller and more difficult to access, extended reach and complex wells become ever-more important enabling techniques to exploit hydrocarbons which otherwise","protected":false},"author":6,"featured_media":0,"parent":0,"menu_order":0,"comment_status":"closed","ping_status":"closed","template":"","meta":{"footnotes":""},"class_list":["post-22726","page","type-page","status-publish"],"_links":{"self":[{"href":"https:\/\/merlinerd.com\/es\/wp-json\/wp\/v2\/pages\/22726","targetHints":{"allow":["GET"]}}],"collection":[{"href":"https:\/\/merlinerd.com\/es\/wp-json\/wp\/v2\/pages"}],"about":[{"href":"https:\/\/merlinerd.com\/es\/wp-json\/wp\/v2\/types\/page"}],"author":[{"embeddable":true,"href":"https:\/\/merlinerd.com\/es\/wp-json\/wp\/v2\/users\/6"}],"replies":[{"embeddable":true,"href":"https:\/\/merlinerd.com\/es\/wp-json\/wp\/v2\/comments?post=22726"}],"version-history":[{"count":6,"href":"https:\/\/merlinerd.com\/es\/wp-json\/wp\/v2\/pages\/22726\/revisions"}],"predecessor-version":[{"id":25075,"href":"https:\/\/merlinerd.com\/es\/wp-json\/wp\/v2\/pages\/22726\/revisions\/25075"}],"wp:attachment":[{"href":"https:\/\/merlinerd.com\/es\/wp-json\/wp\/v2\/media?parent=22726"}],"curies":[{"name":"wp","href":"https:\/\/api.w.org\/{rel}","templated":true}]}}