{"id":22847,"date":"2023-01-04T15:33:33","date_gmt":"2023-01-04T15:33:33","guid":{"rendered":"https:\/\/merlinerd.com\/?page_id=22847"},"modified":"2023-01-04T15:33:33","modified_gmt":"2023-01-04T15:33:33","slug":"erd","status":"publish","type":"page","link":"https:\/\/merlinerd.com\/es\/erd\/","title":{"rendered":"ERD"},"content":{"rendered":"<div id=\"fws_69d7e47c192ce\" data-column-margin=\"default\" data-midnight=\"dark\" class=\"wpb_row vc_row-fluid vc_row   mpc-row\" style=\"padding-top: 0px; padding-bottom: 0px; \"><div class=\"row-bg-wrap\" data-bg-animation=\"none\" data-bg-overlay=\"false\"><div class=\"inner-wrap\"><div class=\"row-bg\" style=\"\"><\/div><\/div><\/div><div class=\"row_col_wrap_12 col span_12 dark left\"><div class=\"vc_col-sm-12 wpb_column column_container vc_column_container col no-extra-padding  inherit_tablet inherit_phone mpc-column\" data-padding-pos=\"all\" data-has-bg-color=\"false\" data-bg-color=\"\" data-bg-opacity=\"1\" data-animation=\"\" data-delay=\"0\" data-column-id=\"mpc_column-569d7e47c198f0\">\n\t\t<div class=\"vc_column-inner\">\n\t\t\t<div class=\"wpb_wrapper\">\n\t\t\t\t\r\n<div class=\"wpb_text_column wpb_content_element\">\r\n\t<div class=\"wpb_wrapper\">\r\n\t\t<h4><nav aria-label=\"breadcrumbs\" class=\"rank-math-breadcrumb\"><p><span class=\"last\">Inicio<\/span><\/p><\/nav><\/h4>\n\t<\/div>\r\n<\/div>\r\n\r\n\r\n\r\n<div class=\"ult-spacer spacer-69d7e47c1980b\" data-id=\"69d7e47c1980b\" data-height=\"20\" data-height-mobile=\"20\" data-height-tab=\"20\" data-height-tab-portrait=\"\" data-height-mobile-landscape=\"\" style=\"clear:both;display:block;\"><\/div>\r\n<div class=\"wpb_text_column wpb_content_element\">\r\n\t<div class=\"wpb_wrapper\">\r\n\t\t<h2>PERFORACI\u00d3N DE ALCANCE EXTENDIDO<\/h2>\n\t<\/div>\r\n<\/div>\r\n\r\n\r\n\r\n\n\t\t\t<\/div> \n\t\t<\/div>\n\t<\/div> \n<\/div><\/div>\r\n\t\t<div id=\"fws_69d7e47c19b39\" data-column-margin=\"default\" data-midnight=\"dark\" data-top-percent=\"0%\" data-bottom-percent=\"0%\" class=\"wpb_row vc_row-fluid vc_row   mpc-row\" style=\"padding-top: calc(100vw * 0.00); padding-bottom: calc(100vw * 0.00); \"><div class=\"row-bg-wrap\" data-bg-animation=\"none\" data-bg-overlay=\"false\"><div class=\"inner-wrap\"><div class=\"row-bg\" style=\"\"><\/div><\/div><\/div><div class=\"row_col_wrap_12 col span_12 dark left\"><div class=\"vc_col-sm-12 wpb_column column_container vc_column_container col no-extra-padding  inherit_tablet inherit_phone mpc-column\" data-padding-pos=\"all\" data-has-bg-color=\"false\" data-bg-color=\"\" data-bg-opacity=\"1\" data-animation=\"\" data-delay=\"0\" data-column-id=\"mpc_column-2669d7e47c1b44f\">\n\t\t<div class=\"vc_column-inner\">\n\t\t\t<div class=\"wpb_wrapper\">\n\t\t\t\t<div id=\"fws_69d7e47c19ddb\" data-midnight=\"\" data-column-margin=\"default\" class=\"wpb_row vc_row-fluid vc_row inner_row mpc-row\" style=\"\"><div class=\"row-bg-wrap\"> <div class=\"row-bg\"><\/div> <\/div><div class=\"row_col_wrap_12_inner col span_12  left\"><div class=\"vc_col-sm-3 wpb_column column_container vc_column_container col child_column no-extra-padding  inherit_tablet inherit_phone mpc-column\" data-padding-pos=\"all\" data-has-bg-color=\"false\" data-bg-color=\"\" data-bg-opacity=\"1\" data-animation=\"\" data-delay=\"0\" data-column-id=\"mpc_column-4569d7e47c1a33a\">\n\t\t<div class=\"vc_column-inner\">\n\t\t<div class=\"wpb_wrapper\">\n\t\t\t<div class=\"img-with-aniamtion-wrap center\" data-max-width=\"100%\" data-max-width-mobile=\"default\" data-shadow=\"none\" data-animation=\"fade-in\">\r\n      <div class=\"inner\">\r\n        <div class=\"hover-wrap\" data-hover-animation=\"zoom\"> \r\n          <div class=\"hover-wrap-inner\">\r\n            <a href=\"\/es\/drilling-type\/extended-reach-drilling\/engineering\/\" target=\"_self\" class=\"center\">\r\n              <img decoding=\"async\" class=\"img-with-animation skip-lazy\" data-delay=\"0\" height=\"1416\" width=\"2000\" data-animation=\"fade-in\" src=\"https:\/\/merlinerd.com\/wp-content\/uploads\/2021\/05\/drilling-well-scaled.jpg\" alt=\"\" srcset=\"https:\/\/merlinerd.com\/wp-content\/uploads\/2021\/05\/drilling-well-scaled.jpg 2000w, https:\/\/merlinerd.com\/wp-content\/uploads\/2021\/05\/drilling-well-300x212.jpg 300w, https:\/\/merlinerd.com\/wp-content\/uploads\/2021\/05\/drilling-well-1024x725.jpg 1024w, https:\/\/merlinerd.com\/wp-content\/uploads\/2021\/05\/drilling-well-768x544.jpg 768w, https:\/\/merlinerd.com\/wp-content\/uploads\/2021\/05\/drilling-well-1536x1087.jpg 1536w, https:\/\/merlinerd.com\/wp-content\/uploads\/2021\/05\/drilling-well-2048x1449.jpg 2048w\" sizes=\"(min-width: 1450px) 75vw, (min-width: 1000px) 85vw, 100vw\">\r\n            <\/a>\r\n          <\/div>\r\n        <\/div>\r\n      <\/div>\r\n      <\/div><div class=\"nectar-fancy-box using-img\" data-style=\"color_box_hover\" data-animation=\"\" data-hover-o=\"default\" data-border-radius=\"5px\" data-border=\"\" data-box-color-opacity=\"1\" data-delay=\"\" data-alignment=\"left\" data-color=\"accent-color\"><div class=\"box-inner-wrap\"><div class=\"box-bg\" data-nectar-img-src=\"https:\/\/merlinerd.com\/wp-content\/uploads\/2021\/08\/WITHOUT-IMAGE.jpg\"><\/div> <div class=\"inner\" style=\"min-height: 300px\"><div class=\"inner-wrap\">\n<h3>INGENIER\u00cdA ERD<\/h3>\n<p><span class=\"subheader\">Garant\u00eda de entrega independiente y soporte  para pozos de largo alcance y alto \u00e1ngulo: desde la ingenier\u00eda inicial, capacitaci\u00f3n y ejecuci\u00f3n en campo. Merlin garantiza el valor del proyecto y el cumplimiento de los objetivos.<\/span><\/p><\/div><\/div>  <a href=\"\/es\/drilling-type\/extended-reach-drilling\/engineering\/\" class=\"box-link\"><\/a><\/div> <\/div>\n\t\t<\/div> \n\t<\/div>\n\t<\/div> \n<div class=\"vc_col-sm-3 wpb_column column_container vc_column_container col child_column no-extra-padding  inherit_tablet inherit_phone mpc-column\" data-padding-pos=\"all\" data-has-bg-color=\"false\" data-bg-color=\"\" data-bg-opacity=\"1\" data-animation=\"\" data-delay=\"0\" data-column-id=\"mpc_column-969d7e47c1a871\">\n\t\t<div class=\"vc_column-inner\">\n\t\t<div class=\"wpb_wrapper\">\n\t\t\t<div class=\"img-with-aniamtion-wrap center\" data-max-width=\"100%\" data-max-width-mobile=\"default\" data-shadow=\"none\" data-animation=\"fade-in\">\r\n      <div class=\"inner\">\r\n        <div class=\"hover-wrap\" data-hover-animation=\"zoom\"> \r\n          <div class=\"hover-wrap-inner\">\r\n            <a href=\"\/es\/drilling-type\/extended-reach-drilling\/operations\/\" target=\"_self\" class=\"center\">\r\n              <img decoding=\"async\" class=\"img-with-animation skip-lazy\" data-delay=\"0\" height=\"1416\" width=\"2000\" data-animation=\"fade-in\" src=\"https:\/\/merlinerd.com\/wp-content\/uploads\/2021\/05\/MPD-HEADER-scaled.jpg\" alt=\"\" srcset=\"https:\/\/merlinerd.com\/wp-content\/uploads\/2021\/05\/MPD-HEADER-scaled.jpg 2000w, https:\/\/merlinerd.com\/wp-content\/uploads\/2021\/05\/MPD-HEADER-300x212.jpg 300w, https:\/\/merlinerd.com\/wp-content\/uploads\/2021\/05\/MPD-HEADER-1024x725.jpg 1024w, https:\/\/merlinerd.com\/wp-content\/uploads\/2021\/05\/MPD-HEADER-768x544.jpg 768w, https:\/\/merlinerd.com\/wp-content\/uploads\/2021\/05\/MPD-HEADER-1536x1087.jpg 1536w, https:\/\/merlinerd.com\/wp-content\/uploads\/2021\/05\/MPD-HEADER-2048x1449.jpg 2048w\" sizes=\"(min-width: 1450px) 75vw, (min-width: 1000px) 85vw, 100vw\">\r\n            <\/a>\r\n          <\/div>\r\n        <\/div>\r\n      <\/div>\r\n      <\/div><div class=\"nectar-fancy-box using-img\" data-style=\"color_box_hover\" data-animation=\"\" data-hover-o=\"default\" data-border-radius=\"5px\" data-border=\"\" data-box-color-opacity=\"1\" data-delay=\"\" data-alignment=\"left\" data-color=\"accent-color\"><div class=\"box-inner-wrap\"><div class=\"box-bg\" style=\"background-image: url('https:\/\/merlinerd.com\/wp-content\/uploads\/2021\/08\/WITHOUT-IMAGE.jpg'); \"><\/div> <div class=\"inner\" style=\"min-height: 300px\"><div class=\"inner-wrap\">\n<h3>OPERACIONES ERD<\/h3>\n<p>Garant\u00eda de entrega independiente y soporte  para pozos de largo alcance y alto \u00e1ngulo: desde la ingenier\u00eda inicial, capacitaci\u00f3n y ejecuci\u00f3n en campo. Merlin garantiza el valor del proyecto y el cumplimiento de los objetivos.<\/p><\/div><\/div>  <a href=\"\/es\/drilling-type\/extended-reach-drilling\/operations\/\" class=\"box-link\"><\/a><\/div> <\/div>\n\t\t<\/div> \n\t<\/div>\n\t<\/div> \n<div class=\"vc_col-sm-3 wpb_column column_container vc_column_container col child_column no-extra-padding  inherit_tablet inherit_phone mpc-column\" data-padding-pos=\"all\" data-has-bg-color=\"false\" data-bg-color=\"\" data-bg-opacity=\"1\" data-animation=\"\" data-delay=\"0\" data-column-id=\"mpc_column-8269d7e47c1ad79\">\n\t\t<div class=\"vc_column-inner\">\n\t\t<div class=\"wpb_wrapper\">\n\t\t\t<div class=\"img-with-aniamtion-wrap center\" data-max-width=\"100%\" data-max-width-mobile=\"default\" data-shadow=\"none\" data-animation=\"fade-in\">\r\n      <div class=\"inner\">\r\n        <div class=\"hover-wrap\" data-hover-animation=\"zoom\"> \r\n          <div class=\"hover-wrap-inner\">\r\n            <a href=\"\/es\/training\/extended-reach-drilling-training\/\" target=\"_self\" class=\"center\">\r\n              <img decoding=\"async\" class=\"img-with-animation skip-lazy\" data-delay=\"0\" height=\"1416\" width=\"2000\" data-animation=\"fade-in\" src=\"https:\/\/merlinerd.com\/wp-content\/uploads\/2021\/08\/geo-image-header-scaled.jpg\" alt=\"\" srcset=\"https:\/\/merlinerd.com\/wp-content\/uploads\/2021\/08\/geo-image-header-scaled.jpg 2000w, https:\/\/merlinerd.com\/wp-content\/uploads\/2021\/08\/geo-image-header-300x212.jpg 300w, https:\/\/merlinerd.com\/wp-content\/uploads\/2021\/08\/geo-image-header-1024x725.jpg 1024w, https:\/\/merlinerd.com\/wp-content\/uploads\/2021\/08\/geo-image-header-768x544.jpg 768w, https:\/\/merlinerd.com\/wp-content\/uploads\/2021\/08\/geo-image-header-1536x1087.jpg 1536w, https:\/\/merlinerd.com\/wp-content\/uploads\/2021\/08\/geo-image-header-2048x1449.jpg 2048w\" sizes=\"(min-width: 1450px) 75vw, (min-width: 1000px) 85vw, 100vw\">\r\n            <\/a>\r\n          <\/div>\r\n        <\/div>\r\n      <\/div>\r\n      <\/div><div class=\"nectar-fancy-box using-img\" data-style=\"color_box_hover\" data-animation=\"\" data-hover-o=\"default\" data-border-radius=\"5px\" data-border=\"\" data-box-color-opacity=\"1\" data-delay=\"\" data-alignment=\"left\" data-color=\"accent-color\"><div class=\"box-inner-wrap\"><div class=\"box-bg\" style=\"background-image: url('https:\/\/merlinerd.com\/wp-content\/uploads\/2021\/08\/WITHOUT-IMAGE.jpg'); \"><\/div> <div class=\"inner\" style=\"min-height: 300px\"><div class=\"inner-wrap\">\n<h3>CAPACITACI\u00d3N ERD<\/h3>\n<p>Desde los fundamentos de la limpieza de pozos y las generaci\u00f3n  de cargas en perforaci\u00f3n hasta temas de ingenier\u00eda avanzada, nuestra capacitaci\u00f3n lo ayudar\u00e1 a usted y a su equipo a perforar m\u00e1s profundo, m\u00e1s r\u00e1pido y de manera m\u00e1s eficiente.<\/p><\/div><\/div>  <a href=\"\/es\/training\/extended-reach-drilling-training\/\" class=\"box-link\"><\/a><\/div> <\/div>\n\t\t<\/div> \n\t<\/div>\n\t<\/div> \n<div class=\"vc_col-sm-3 wpb_column column_container vc_column_container col child_column no-extra-padding  inherit_tablet inherit_phone mpc-column\" data-padding-pos=\"all\" data-has-bg-color=\"false\" data-bg-color=\"\" data-bg-opacity=\"1\" data-animation=\"\" data-delay=\"0\" data-column-id=\"mpc_column-5069d7e47c1b164\">\n\t\t<div class=\"vc_column-inner\">\n\t\t<div class=\"wpb_wrapper\">\n\t\t\t<div class=\"img-with-aniamtion-wrap center\" data-max-width=\"100%\" data-max-width-mobile=\"default\" data-shadow=\"none\" data-animation=\"fade-in\">\r\n      <div class=\"inner\">\r\n        <div class=\"hover-wrap\" data-hover-animation=\"zoom\"> \r\n          <div class=\"hover-wrap-inner\">\r\n            <a href=\"\/es\/tdh-demo\/software\/\" target=\"_self\" class=\"center\">\r\n              <img decoding=\"async\" class=\"img-with-animation skip-lazy\" data-delay=\"0\" height=\"849\" width=\"1200\" data-animation=\"fade-in\" src=\"https:\/\/merlinerd.com\/wp-content\/uploads\/2021\/08\/complex.jpg\" alt=\"\" srcset=\"https:\/\/merlinerd.com\/wp-content\/uploads\/2021\/08\/complex.jpg 1200w, https:\/\/merlinerd.com\/wp-content\/uploads\/2021\/08\/complex-300x212.jpg 300w, https:\/\/merlinerd.com\/wp-content\/uploads\/2021\/08\/complex-1024x724.jpg 1024w, https:\/\/merlinerd.com\/wp-content\/uploads\/2021\/08\/complex-768x543.jpg 768w\" sizes=\"(min-width: 1450px) 75vw, (min-width: 1000px) 85vw, 100vw\">\r\n            <\/a>\r\n          <\/div>\r\n        <\/div>\r\n      <\/div>\r\n      <\/div><div class=\"nectar-fancy-box using-img\" data-style=\"color_box_hover\" data-animation=\"\" data-hover-o=\"default\" data-border-radius=\"5px\" data-border=\"\" data-box-color-opacity=\"1\" data-delay=\"\" data-alignment=\"left\" data-color=\"accent-color\"><div class=\"box-inner-wrap\"><div class=\"box-bg\" style=\"background-image: url('https:\/\/merlinerd.com\/wp-content\/uploads\/2021\/08\/complex.jpg'); \"><\/div> <div class=\"inner\" style=\"min-height: 300px\"><div class=\"inner-wrap\">\n<h3>SOFTWARE ERD<\/h3>\n<p>Hemos dise\u00f1ado TDH para que sea lo m\u00e1s r\u00e1pido y sencillo de aprender posible, pero ofreciendo funcionalidades avanzadas para quienes las necesitan. Si no ejecutas modelos de torque, arrastre e hidr\u00e1ulica todos los d\u00edas, lo \u00faltimo que necesitas es volver a aprender el software cada vez que lo usas.\nBasado en unidades definidas por el usuario, una biblioteca de equipos completa y una funcionalidad intuitiva para introducir trayectorias, TDH ha sido concebido para generar resultados con el m\u00ednimo n\u00famero de clics, sin flujos de datos complicados ni entradas innecesarias.<\/p><\/div><\/div>  <a href=\"\/es\/tdh-demo\/software\/\" class=\"box-link\"><\/a><\/div> <\/div>\n\t\t<\/div> \n\t<\/div>\n\t<\/div> \n<\/div><\/div>\n\t\t\t<\/div> \n\t\t<\/div>\n\t<\/div> \n<\/div><\/div>","protected":false},"excerpt":{"rendered":"Home EXTENDED REACH DRILLING ERD ENGINEERING Independent delivery assurance and support for extended reach and challenging high angle wells &ndash; from upfront engineering, training, through to execution in the field,","protected":false},"author":6,"featured_media":0,"parent":0,"menu_order":0,"comment_status":"closed","ping_status":"closed","template":"","meta":{"footnotes":""},"class_list":["post-22847","page","type-page","status-publish"],"_links":{"self":[{"href":"https:\/\/merlinerd.com\/es\/wp-json\/wp\/v2\/pages\/22847","targetHints":{"allow":["GET"]}}],"collection":[{"href":"https:\/\/merlinerd.com\/es\/wp-json\/wp\/v2\/pages"}],"about":[{"href":"https:\/\/merlinerd.com\/es\/wp-json\/wp\/v2\/types\/page"}],"author":[{"embeddable":true,"href":"https:\/\/merlinerd.com\/es\/wp-json\/wp\/v2\/users\/6"}],"replies":[{"embeddable":true,"href":"https:\/\/merlinerd.com\/es\/wp-json\/wp\/v2\/comments?post=22847"}],"version-history":[{"count":2,"href":"https:\/\/merlinerd.com\/es\/wp-json\/wp\/v2\/pages\/22847\/revisions"}],"predecessor-version":[{"id":22849,"href":"https:\/\/merlinerd.com\/es\/wp-json\/wp\/v2\/pages\/22847\/revisions\/22849"}],"wp:attachment":[{"href":"https:\/\/merlinerd.com\/es\/wp-json\/wp\/v2\/media?parent=22847"}],"curies":[{"name":"wp","href":"https:\/\/api.w.org\/{rel}","templated":true}]}}