{"id":22929,"date":"2023-02-08T11:11:29","date_gmt":"2023-02-08T11:11:29","guid":{"rendered":"https:\/\/merlinerd.com\/?page_id=22929"},"modified":"2023-02-08T11:31:37","modified_gmt":"2023-02-08T11:31:37","slug":"extended-reach-drilling","status":"publish","type":"page","link":"https:\/\/merlinerd.com\/es\/drilling-type\/extended-reach-drilling\/","title":{"rendered":"Perforaci\u00f3n de Alcance Extendido: Ingenier\u00eda"},"content":{"rendered":"<div id=\"fws_69d285884fc09\" data-column-margin=\"default\" data-midnight=\"dark\" class=\"wpb_row vc_row-fluid vc_row   mpc-row\" style=\"padding-top: 0px; padding-bottom: 0px; \"><div class=\"row-bg-wrap\" data-bg-animation=\"none\" data-bg-overlay=\"false\"><div class=\"inner-wrap\"><div class=\"row-bg\" style=\"\"><\/div><\/div><\/div><div class=\"row_col_wrap_12 col span_12 dark left\"><div class=\"vc_col-sm-12 wpb_column column_container vc_column_container col no-extra-padding  inherit_tablet inherit_phone mpc-column\" data-padding-pos=\"all\" data-has-bg-color=\"false\" data-bg-color=\"\" data-bg-opacity=\"1\" data-animation=\"\" data-delay=\"0\" data-column-id=\"mpc_column-9869d2858850246\">\n\t\t<div class=\"vc_column-inner\">\n\t\t\t<div class=\"wpb_wrapper\">\n\t\t\t\t\r\n<div class=\"wpb_text_column wpb_content_element\">\r\n\t<div class=\"wpb_wrapper\">\r\n\t\t<h4><nav aria-label=\"breadcrumbs\" class=\"rank-math-breadcrumb\"><p><span class=\"last\">Inicio<\/span><\/p><\/nav><\/h4>\n\t<\/div>\r\n<\/div>\r\n\r\n\r\n\r\n\n\t\t\t<\/div> \n\t\t<\/div>\n\t<\/div> \n<\/div><\/div>\r\n\t\t<div id=\"fws_69d28588504b5\" data-column-margin=\"default\" data-midnight=\"dark\" data-top-percent=\"0%\" data-bottom-percent=\"0%\" class=\"wpb_row vc_row-fluid vc_row   mpc-row\" style=\"padding-top: calc(100vw * 0.00); padding-bottom: calc(100vw * 0.00); \"><div class=\"row-bg-wrap\" data-bg-animation=\"none\" data-bg-overlay=\"false\"><div class=\"inner-wrap\"><div class=\"row-bg\" style=\"\"><\/div><\/div><\/div><div class=\"row_col_wrap_12 col span_12 dark left\"><div class=\"vc_col-sm-12 wpb_column column_container vc_column_container col no-extra-padding  inherit_tablet inherit_phone mpc-column\" data-padding-pos=\"all\" data-has-bg-color=\"false\" data-bg-color=\"\" data-bg-opacity=\"1\" data-animation=\"\" data-delay=\"0\" data-column-id=\"mpc_column-2069d28588518ed\">\n\t\t<div class=\"vc_column-inner\">\n\t\t\t<div class=\"wpb_wrapper\">\n\t\t\t\t<div id=\"fws_69d2858850774\" data-midnight=\"\" data-column-margin=\"default\" class=\"wpb_row vc_row-fluid vc_row inner_row mpc-row\" style=\"\"><div class=\"row-bg-wrap\"> <div class=\"row-bg\"><\/div> <\/div><div class=\"row_col_wrap_12_inner col span_12  left\"><div class=\"vc_col-sm-3 wpb_column column_container vc_column_container col child_column no-extra-padding  inherit_tablet inherit_phone mpc-column\" data-padding-pos=\"all\" data-has-bg-color=\"false\" data-bg-color=\"\" data-bg-opacity=\"1\" data-animation=\"\" data-delay=\"0\" data-column-id=\"mpc_column-7569d2858850f2b\">\n\t\t<div class=\"vc_column-inner\">\n\t\t<div class=\"wpb_wrapper\">\n\t\t\t<div class=\"img-with-aniamtion-wrap center\" data-max-width=\"100%\" data-max-width-mobile=\"default\" data-shadow=\"none\" data-animation=\"fade-in\">\r\n      <div class=\"inner\">\r\n        <div class=\"hover-wrap\" data-hover-animation=\"zoom\"> \r\n          <div class=\"hover-wrap-inner\">\r\n            <a href=\"https:\/\/merlinerd.com\/es\/drilling-type\/complex-drilling\/engineering\/\" target=\"_self\" class=\"center\">\r\n              <img decoding=\"async\" class=\"img-with-animation skip-lazy\" data-delay=\"0\" height=\"849\" width=\"1200\" data-animation=\"fade-in\" src=\"https:\/\/merlinerd.com\/wp-content\/uploads\/2021\/08\/complex.jpg\" alt=\"\" srcset=\"https:\/\/merlinerd.com\/wp-content\/uploads\/2021\/08\/complex.jpg 1200w, https:\/\/merlinerd.com\/wp-content\/uploads\/2021\/08\/complex-300x212.jpg 300w, https:\/\/merlinerd.com\/wp-content\/uploads\/2021\/08\/complex-1024x724.jpg 1024w, https:\/\/merlinerd.com\/wp-content\/uploads\/2021\/08\/complex-768x543.jpg 768w\" sizes=\"(min-width: 1450px) 75vw, (min-width: 1000px) 85vw, 100vw\">\r\n            <\/a>\r\n          <\/div>\r\n        <\/div>\r\n      <\/div>\r\n      <\/div><div class=\"nectar-fancy-box using-img\" data-style=\"color_box_hover\" data-animation=\"\" data-hover-o=\"default\" data-border-radius=\"5px\" data-border=\"\" data-box-color-opacity=\"1\" data-delay=\"\" data-alignment=\"left\" data-color=\"accent-color\"><div class=\"box-inner-wrap\"><div class=\"box-bg\" data-nectar-img-src=\"https:\/\/merlinerd.com\/wp-content\/uploads\/2021\/08\/WITHOUT-IMAGE.jpg\"><\/div> <div class=\"inner\" style=\"min-height: 300px\"><div class=\"inner-wrap\">\n<h3>INGENIER\u00cdA ERD<\/h3>\n<p>Los proyectos desafiantes necesitan una definici\u00f3n s\u00f3lida y una comprensi\u00f3n profunda de los riesgos para garantizar que los ingenieros construyan soluciones que preserven o mejoren el valor del proyecto. El equipo solucionador y creativo de Merlin est\u00e1 disponible para respaldar sus requisitos en cada una de nuestras \u00e1reas de servicio.<\/p><\/div><\/div>  <a href=\"https:\/\/merlinerd.com\/es\/drilling-type\/complex-drilling\/engineering\/\" class=\"box-link\"><\/a><\/div> <\/div>\n\t\t<\/div> \n\t<\/div>\n\t<\/div> \n<div class=\"vc_col-sm-3 wpb_column column_container vc_column_container col child_column no-extra-padding  inherit_tablet inherit_phone mpc-column\" data-padding-pos=\"all\" data-has-bg-color=\"false\" data-bg-color=\"\" data-bg-opacity=\"1\" data-animation=\"\" data-delay=\"0\" data-column-id=\"mpc_column-9169d285885130c\">\n\t\t<div class=\"vc_column-inner\">\n\t\t<div class=\"wpb_wrapper\">\n\t\t\t<div class=\"img-with-aniamtion-wrap center\" data-max-width=\"100%\" data-max-width-mobile=\"default\" data-shadow=\"none\" data-animation=\"fade-in\">\r\n      <div class=\"inner\">\r\n        <div class=\"hover-wrap\" data-hover-animation=\"zoom\"> \r\n          <div class=\"hover-wrap-inner\">\r\n            <a href=\"https:\/\/merlinerd.com\/es\/drilling-type\/complex-drilling\/operations\/\" target=\"_self\" class=\"center\">\r\n              <img decoding=\"async\" class=\"img-with-animation skip-lazy\" data-delay=\"0\" height=\"849\" width=\"1200\" data-animation=\"fade-in\" src=\"https:\/\/merlinerd.com\/wp-content\/uploads\/2021\/08\/complex.jpg\" alt=\"\" srcset=\"https:\/\/merlinerd.com\/wp-content\/uploads\/2021\/08\/complex.jpg 1200w, https:\/\/merlinerd.com\/wp-content\/uploads\/2021\/08\/complex-300x212.jpg 300w, https:\/\/merlinerd.com\/wp-content\/uploads\/2021\/08\/complex-1024x724.jpg 1024w, https:\/\/merlinerd.com\/wp-content\/uploads\/2021\/08\/complex-768x543.jpg 768w\" sizes=\"(min-width: 1450px) 75vw, (min-width: 1000px) 85vw, 100vw\">\r\n            <\/a>\r\n          <\/div>\r\n        <\/div>\r\n      <\/div>\r\n      <\/div><div class=\"nectar-fancy-box using-img\" data-style=\"color_box_hover\" data-animation=\"\" data-hover-o=\"default\" data-border-radius=\"5px\" data-border=\"\" data-box-color-opacity=\"1\" data-delay=\"\" data-alignment=\"left\" data-color=\"accent-color\"><div class=\"box-inner-wrap\"><div class=\"box-bg\" style=\"background-image: url('https:\/\/merlinerd.com\/wp-content\/uploads\/2021\/08\/WITHOUT-IMAGE.jpg'); \"><\/div> <div class=\"inner\" style=\"min-height: 300px\"><div class=\"inner-wrap\">\n<h3>OPERACIONES ERD<\/h3>\n<p>La ejecuci\u00f3n es el momento decisivo. El esfuerzo y la energ\u00eda empleados durante la planificaci\u00f3n deben aprovecharse y dirigirse para garantizar el \u00e9xito operativo. Merlin puede apoyar sus operaciones en campo con personas que cuentan con experiencia reales, con los conocimientos y la energ\u00eda necesarios para impulsar el \u00e9xito dentro de su equipo.<\/p><\/div><\/div>  <a href=\"https:\/\/merlinerd.com\/es\/drilling-type\/complex-drilling\/operations\/\" class=\"box-link\"><\/a><\/div> <\/div>\n\t\t<\/div> \n\t<\/div>\n\t<\/div> \n<div class=\"vc_col-sm-3 wpb_column column_container vc_column_container col child_column no-extra-padding  inherit_tablet inherit_phone mpc-column\" data-padding-pos=\"all\" data-has-bg-color=\"false\" data-bg-color=\"\" data-bg-opacity=\"1\" data-animation=\"\" data-delay=\"0\" data-column-id=\"mpc_column-2169d28588516d1\">\n\t\t<div class=\"vc_column-inner\">\n\t\t<div class=\"wpb_wrapper\">\n\t\t\t<div class=\"img-with-aniamtion-wrap center\" data-max-width=\"100%\" data-max-width-mobile=\"default\" data-shadow=\"none\" data-animation=\"fade-in\">\r\n      <div class=\"inner\">\r\n        <div class=\"hover-wrap\" data-hover-animation=\"zoom\"> \r\n          <div class=\"hover-wrap-inner\">\r\n            <a href=\"https:\/\/merlinerd.com\/es\/training\/extended-reach-drilling-training\/\" target=\"_self\" class=\"center\">\r\n              <img decoding=\"async\" class=\"img-with-animation skip-lazy\" data-delay=\"0\" height=\"849\" width=\"1200\" data-animation=\"fade-in\" src=\"https:\/\/merlinerd.com\/wp-content\/uploads\/2021\/08\/complex.jpg\" alt=\"\" srcset=\"https:\/\/merlinerd.com\/wp-content\/uploads\/2021\/08\/complex.jpg 1200w, https:\/\/merlinerd.com\/wp-content\/uploads\/2021\/08\/complex-300x212.jpg 300w, https:\/\/merlinerd.com\/wp-content\/uploads\/2021\/08\/complex-1024x724.jpg 1024w, https:\/\/merlinerd.com\/wp-content\/uploads\/2021\/08\/complex-768x543.jpg 768w\" sizes=\"(min-width: 1450px) 75vw, (min-width: 1000px) 85vw, 100vw\">\r\n            <\/a>\r\n          <\/div>\r\n        <\/div>\r\n      <\/div>\r\n      <\/div><div class=\"nectar-fancy-box using-img\" data-style=\"color_box_hover\" data-animation=\"\" data-hover-o=\"default\" data-border-radius=\"5px\" data-border=\"\" data-box-color-opacity=\"1\" data-delay=\"\" data-alignment=\"left\" data-color=\"accent-color\"><div class=\"box-inner-wrap\"><div class=\"box-bg\" style=\"background-image: url('https:\/\/merlinerd.com\/wp-content\/uploads\/2021\/08\/WITHOUT-IMAGE.jpg'); \"><\/div> <div class=\"inner\" style=\"min-height: 300px\"><div class=\"inner-wrap\">\n<h3>CAPACITACI\u00d3N ERD<\/h3>\n<p>Las personas mejor capacitadas toman mejores decisiones. Realmente es as\u00ed de simple. Si el plan es sacar al equipo de su zona de confort, el tiempo de entrenamiento para aprender los fundamentos y hablar sobre los factores cr\u00edticos de \u00e9xito mejorar\u00e1 la confiabilidad de la ejecuci\u00f3n del pozo.<\/p><\/div><\/div>  <a href=\"https:\/\/merlinerd.com\/es\/training\/extended-reach-drilling-training\/\" class=\"box-link\"><\/a><\/div> <\/div>\n\t\t<\/div> \n\t<\/div>\n\t<\/div> \n<\/div><\/div>\n\t\t\t<\/div> \n\t\t<\/div>\n\t<\/div> \n<\/div><\/div>\r\n\t\t<div id=\"fws_69d2858851c40\" data-column-margin=\"default\" data-midnight=\"dark\" class=\"wpb_row vc_row-fluid vc_row   mpc-row\" style=\"padding-top: 0px; padding-bottom: 0px; \"><div class=\"row-bg-wrap\" data-bg-animation=\"none\" data-bg-overlay=\"false\"><div class=\"inner-wrap\"><div class=\"row-bg\" style=\"\"><\/div><\/div><\/div><div class=\"row_col_wrap_12 col span_12 dark left\"><div class=\"vc_col-sm-12 wpb_column column_container vc_column_container col no-extra-padding  inherit_tablet inherit_phone mpc-column\" data-padding-pos=\"all\" data-has-bg-color=\"false\" data-bg-color=\"\" data-bg-opacity=\"1\" data-animation=\"\" data-delay=\"0\" data-column-id=\"mpc_column-3469d2858852f2c\">\n\t\t<div class=\"vc_column-inner\">\n\t\t\t<div class=\"wpb_wrapper\">\n\t\t\t\t\r\n\t\t<div id=\"fws_69d285885213c\" data-column-margin=\"default\" data-midnight=\"light\" data-top-percent=\"5%\" data-bottom-percent=\"5%\" class=\"wpb_row vc_row-fluid vc_row full-width-section  vc_row-o-equal-height vc_row-flex  vc_row-o-content-middle   mpc-row\" style=\"padding-top: calc(100vw * 0.05); padding-bottom: calc(100vw * 0.05); \"><div class=\"row-bg-wrap\" data-bg-animation=\"none\" data-bg-overlay=\"false\"><div class=\"inner-wrap using-image\"><div class=\"row-bg using-image\" style=\"background-position: center center; background-repeat: no-repeat; \" data-nectar-img-src=\"https:\/\/merlinerd.com\/wp-content\/uploads\/2021\/05\/Sea-Merlin-Background.png\"><\/div><\/div><\/div><div class=\"row_col_wrap_12 col span_12 light left\"><div class=\"vc_col-sm-12 wpb_column column_container vc_column_container col no-extra-padding  inherit_tablet inherit_phone mpc-column\" data-padding-pos=\"all\" data-has-bg-color=\"false\" data-bg-color=\"\" data-bg-opacity=\"1\" data-animation=\"\" data-delay=\"0\" data-column-id=\"mpc_column-5269d2858852dca\">\n\t\t<div class=\"vc_column-inner\">\n\t\t\t<div class=\"wpb_wrapper\">\n\t\t\t\t<div id=\"fws_69d28588523b7\" data-midnight=\"\" data-column-margin=\"default\" class=\"wpb_row vc_row-fluid vc_row inner_row mpc-row\" style=\"\"><div class=\"row-bg-wrap\"> <div class=\"row-bg\"><\/div> <\/div><div class=\"row_col_wrap_12_inner col span_12  left\"><div class=\"vc_col-sm-2 wpb_column column_container vc_column_container col child_column no-extra-padding  inherit_tablet inherit_phone mpc-column\" data-padding-pos=\"all\" data-has-bg-color=\"false\" data-bg-color=\"\" data-bg-opacity=\"1\" data-animation=\"\" data-delay=\"0\" data-column-id=\"mpc_column-6069d2858852552\">\n\t\t<div class=\"vc_column-inner\">\n\t\t<div class=\"wpb_wrapper\">\n\t\t\t\n\t\t<\/div> \n\t<\/div>\n\t<\/div> \n<div class=\"vc_col-sm-8 wpb_column column_container vc_column_container col child_column centered-text padding-2-percent  inherit_tablet inherit_phone mpc-column\" data-padding-pos=\"left-right\" data-has-bg-color=\"false\" data-bg-color=\"\" data-bg-opacity=\"1\" data-animation=\"\" data-delay=\"0\" data-column-id=\"mpc_column-9869d2858852b85\">\n\t\t<div class=\"vc_column-inner\">\n\t\t<div class=\"wpb_wrapper\">\n\t\t\t<h2 style=\"font-size: 52px;line-height: 52px;text-align: center\" class=\"vc_custom_heading\">Ponte en contacto<\/h2><div class=\"divider-wrap\" data-alignment=\"default\"><div style=\"height: 10px;\" class=\"divider\"><\/div><\/div><a class=\"nectar-button large see-through-3  has-icon\" style=\"margin-top: 25px; border-color: #f3f3f3;\" href=\"\/es\/contact\/\" data-color-override=\"#f3f3f3\" data-hover-color-override=\"#0a0000\" data-hover-text-color-override=\"#000000\"><span>Cont\u00e1ctanos<\/span><i class=\"fa fa-long-arrow-right\"><\/i><\/a>\n\t\t<\/div> \n\t<\/div>\n\t<\/div> \n<div class=\"vc_col-sm-2 wpb_column column_container vc_column_container col child_column no-extra-padding  inherit_tablet inherit_phone mpc-column\" data-padding-pos=\"all\" data-has-bg-color=\"false\" data-bg-color=\"\" data-bg-opacity=\"1\" data-animation=\"\" data-delay=\"0\" data-column-id=\"mpc_column-9969d2858852cd6\">\n\t\t<div class=\"vc_column-inner\">\n\t\t<div class=\"wpb_wrapper\">\n\t\t\t\n\t\t<\/div> \n\t<\/div>\n\t<\/div> \n<\/div><\/div>\n\t\t\t<\/div> \n\t\t<\/div>\n\t<\/div> \n<\/div><\/div>\n\t\t\t<\/div> \n\t\t<\/div>\n\t<\/div> \n<\/div><\/div>","protected":false},"excerpt":{"rendered":"Home ERD ENGINEERING Challenging projects need rock-solid definition and a deep understanding of risk to ensure that engineers create solutions which preserve or enhance value. Merlin&rsquo;s team of creative problem-solvers","protected":false},"author":6,"featured_media":0,"parent":21583,"menu_order":0,"comment_status":"closed","ping_status":"closed","template":"","meta":{"footnotes":""},"class_list":["post-22929","page","type-page","status-publish"],"_links":{"self":[{"href":"https:\/\/merlinerd.com\/es\/wp-json\/wp\/v2\/pages\/22929","targetHints":{"allow":["GET"]}}],"collection":[{"href":"https:\/\/merlinerd.com\/es\/wp-json\/wp\/v2\/pages"}],"about":[{"href":"https:\/\/merlinerd.com\/es\/wp-json\/wp\/v2\/types\/page"}],"author":[{"embeddable":true,"href":"https:\/\/merlinerd.com\/es\/wp-json\/wp\/v2\/users\/6"}],"replies":[{"embeddable":true,"href":"https:\/\/merlinerd.com\/es\/wp-json\/wp\/v2\/comments?post=22929"}],"version-history":[{"count":6,"href":"https:\/\/merlinerd.com\/es\/wp-json\/wp\/v2\/pages\/22929\/revisions"}],"predecessor-version":[{"id":22935,"href":"https:\/\/merlinerd.com\/es\/wp-json\/wp\/v2\/pages\/22929\/revisions\/22935"}],"up":[{"embeddable":true,"href":"https:\/\/merlinerd.com\/es\/wp-json\/wp\/v2\/pages\/21583"}],"wp:attachment":[{"href":"https:\/\/merlinerd.com\/es\/wp-json\/wp\/v2\/media?parent=22929"}],"curies":[{"name":"wp","href":"https:\/\/api.w.org\/{rel}","templated":true}]}}