{"id":23489,"date":"2023-07-26T07:25:11","date_gmt":"2023-07-26T07:25:11","guid":{"rendered":"https:\/\/merlinerd.com\/?page_id=23489"},"modified":"2024-06-10T16:02:39","modified_gmt":"2024-06-10T16:02:39","slug":"resources","status":"publish","type":"page","link":"https:\/\/merlinerd.com\/es\/resources\/","title":{"rendered":"Soluciones"},"content":{"rendered":"<div id=\"fws_69d7e4435264a\" data-column-margin=\"default\" data-midnight=\"dark\" data-top-percent=\"3%\" class=\"wpb_row vc_row-fluid vc_row   mpc-row\" style=\"padding-top: calc(100vw * 0.03); padding-bottom: 0px; \"><div class=\"row-bg-wrap\" data-bg-animation=\"none\" data-bg-overlay=\"false\"><div class=\"inner-wrap\"><div class=\"row-bg\" style=\"\"><\/div><\/div><\/div><div class=\"row_col_wrap_12 col span_12 dark left\"><div class=\"vc_col-sm-12 wpb_column column_container vc_column_container col no-extra-padding  inherit_tablet inherit_phone mpc-column\" data-padding-pos=\"all\" data-has-bg-color=\"false\" data-bg-color=\"\" data-bg-opacity=\"1\" data-animation=\"\" data-delay=\"0\" data-column-id=\"mpc_column-2169d7e44354136\">\n\t\t<div class=\"vc_column-inner\">\n\t\t\t<div class=\"wpb_wrapper\">\n\t\t\t\t<div id=\"fws_69d7e44352941\" data-midnight=\"\" data-column-margin=\"default\" class=\"wpb_row vc_row-fluid vc_row inner_row mpc-row\" style=\"\"><div class=\"row-bg-wrap\"> <div class=\"row-bg\"><\/div> <\/div><div class=\"row_col_wrap_12_inner col span_12  left\"><div class=\"vc_col-sm-3 wpb_column column_container vc_column_container col child_column no-extra-padding  inherit_tablet inherit_phone mpc-column\" data-padding-pos=\"all\" data-has-bg-color=\"false\" data-bg-color=\"\" data-bg-opacity=\"1\" data-animation=\"\" data-delay=\"0\" data-column-id=\"mpc_column-2669d7e44352eb4\">\n\t\t<div class=\"vc_column-inner\">\n\t\t<div class=\"wpb_wrapper\">\n\t\t\t<div class=\"img-with-aniamtion-wrap\" data-max-width=\"100%\" data-max-width-mobile=\"default\" data-shadow=\"none\" data-animation=\"fade-in\">\r\n      <div class=\"inner\">\r\n        <div class=\"hover-wrap\" data-hover-animation=\"zoom\"> \r\n          <div class=\"hover-wrap-inner\">\r\n            <a href=\"https:\/\/merlinerd.com\/es\/articles\/\" target=\"_self\" class=\"\">\r\n              <img decoding=\"async\" class=\"img-with-animation skip-lazy\" data-delay=\"0\" height=\"708\" width=\"1000\" data-animation=\"fade-in\" src=\"https:\/\/merlinerd.com\/wp-content\/uploads\/2021\/08\/laptop.jpg\" alt=\"\" srcset=\"https:\/\/merlinerd.com\/wp-content\/uploads\/2021\/08\/laptop.jpg 1000w, https:\/\/merlinerd.com\/wp-content\/uploads\/2021\/08\/laptop-300x212.jpg 300w, https:\/\/merlinerd.com\/wp-content\/uploads\/2021\/08\/laptop-768x544.jpg 768w\" sizes=\"(min-width: 1450px) 75vw, (min-width: 1000px) 85vw, 100vw\">\r\n            <\/a>\r\n          <\/div>\r\n        <\/div>\r\n      <\/div>\r\n      <\/div><div class=\"nectar-fancy-box using-img\" data-style=\"color_box_hover\" data-animation=\"\" data-hover-o=\"default\" data-border-radius=\"5px\" data-border=\"\" data-box-color-opacity=\"1\" data-delay=\"\" data-alignment=\"left\" data-color=\"accent-color\"><div class=\"box-inner-wrap\"><div class=\"box-bg\" data-nectar-img-src=\"https:\/\/merlinerd.com\/wp-content\/uploads\/2021\/08\/laptop.jpg\"><\/div> <div class=\"inner\" style=\"min-height: 300px\"><div class=\"inner-wrap\">\n<h3>ART\u00cdCULOS<\/h3>\n<p>Lea art\u00edculos t\u00e9cnicos exclusivos del equipo de ingenieros de Merin.<\/p><\/div><\/div>  <a href=\"\/es\/articles\/\" class=\"box-link\"><\/a><\/div> <\/div>\n\t\t<\/div> \n\t<\/div>\n\t<\/div> \n<div class=\"vc_col-sm-3 wpb_column column_container vc_column_container col child_column no-extra-padding  inherit_tablet inherit_phone mpc-column\" data-padding-pos=\"all\" data-has-bg-color=\"false\" data-bg-color=\"\" data-bg-opacity=\"1\" data-animation=\"\" data-delay=\"0\" data-column-id=\"mpc_column-10069d7e4435342d\">\n\t\t<div class=\"vc_column-inner\">\n\t\t<div class=\"wpb_wrapper\">\n\t\t\t<div class=\"img-with-aniamtion-wrap\" data-max-width=\"100%\" data-max-width-mobile=\"default\" data-shadow=\"none\" data-animation=\"fade-in\">\r\n      <div class=\"inner\">\r\n        <div class=\"hover-wrap\" data-hover-animation=\"zoom\"> \r\n          <div class=\"hover-wrap-inner\">\r\n            <a href=\"https:\/\/merlinerd.com\/es\/video\/\" target=\"_self\" class=\"\">\r\n              <img decoding=\"async\" class=\"img-with-animation skip-lazy\" data-delay=\"0\" height=\"708\" width=\"1000\" data-animation=\"fade-in\" src=\"https:\/\/merlinerd.com\/wp-content\/uploads\/2021\/08\/video-image.jpg\" alt=\"\" srcset=\"https:\/\/merlinerd.com\/wp-content\/uploads\/2021\/08\/video-image.jpg 1000w, https:\/\/merlinerd.com\/wp-content\/uploads\/2021\/08\/video-image-300x212.jpg 300w, https:\/\/merlinerd.com\/wp-content\/uploads\/2021\/08\/video-image-768x544.jpg 768w\" sizes=\"(min-width: 1450px) 75vw, (min-width: 1000px) 85vw, 100vw\">\r\n            <\/a>\r\n          <\/div>\r\n        <\/div>\r\n      <\/div>\r\n      <\/div><div class=\"nectar-fancy-box using-img\" data-style=\"color_box_hover\" data-animation=\"\" data-hover-o=\"default\" data-border-radius=\"5px\" data-border=\"\" data-box-color-opacity=\"1\" data-delay=\"\" data-alignment=\"left\" data-color=\"accent-color\"><div class=\"box-inner-wrap\"><div class=\"box-bg\" style=\"background-image: url('https:\/\/merlinerd.com\/wp-content\/uploads\/2021\/08\/video-image.jpg'); \"><\/div> <div class=\"inner\" style=\"min-height: 300px\"><div class=\"inner-wrap\">\n<h3>V\u00cdDEOS<\/h3>\n<p>Recursos de v\u00eddeo sobre temas t\u00e9cnicos, presentaciones del sector y nuestro software TDH.<\/p><\/div><\/div>  <a href=\"\/es\/video\/\" class=\"box-link\"><\/a><\/div> <\/div>\n\t\t<\/div> \n\t<\/div>\n\t<\/div> \n<div class=\"vc_col-sm-3 wpb_column column_container vc_column_container col child_column no-extra-padding  inherit_tablet inherit_phone mpc-column\" data-padding-pos=\"all\" data-has-bg-color=\"false\" data-bg-color=\"\" data-bg-opacity=\"1\" data-animation=\"\" data-delay=\"0\" data-column-id=\"mpc_column-2569d7e44353972\">\n\t\t<div class=\"vc_column-inner\">\n\t\t<div class=\"wpb_wrapper\">\n\t\t\t<div class=\"img-with-aniamtion-wrap\" data-max-width=\"100%\" data-max-width-mobile=\"default\" data-shadow=\"none\" data-animation=\"fade-in\">\r\n      <div class=\"inner\">\r\n        <div class=\"hover-wrap\" data-hover-animation=\"zoom\"> \r\n          <div class=\"hover-wrap-inner\">\r\n            <a href=\"https:\/\/merlinerd.com\/es\/tool-kit\/annular-velocity-form2\/\" target=\"_self\" class=\"\">\r\n              <img decoding=\"async\" class=\"img-with-animation skip-lazy\" data-delay=\"0\" height=\"1416\" width=\"2000\" data-animation=\"fade-in\" src=\"https:\/\/merlinerd.com\/wp-content\/uploads\/2021\/07\/with-filter-5-scaled.jpg\" alt=\"\" srcset=\"https:\/\/merlinerd.com\/wp-content\/uploads\/2021\/07\/with-filter-5-scaled.jpg 2000w, https:\/\/merlinerd.com\/wp-content\/uploads\/2021\/07\/with-filter-5-300x212.jpg 300w, https:\/\/merlinerd.com\/wp-content\/uploads\/2021\/07\/with-filter-5-1024x725.jpg 1024w, https:\/\/merlinerd.com\/wp-content\/uploads\/2021\/07\/with-filter-5-768x544.jpg 768w, https:\/\/merlinerd.com\/wp-content\/uploads\/2021\/07\/with-filter-5-1536x1087.jpg 1536w, https:\/\/merlinerd.com\/wp-content\/uploads\/2021\/07\/with-filter-5-2048x1449.jpg 2048w\" sizes=\"(min-width: 1450px) 75vw, (min-width: 1000px) 85vw, 100vw\">\r\n            <\/a>\r\n          <\/div>\r\n        <\/div>\r\n      <\/div>\r\n      <\/div><div class=\"nectar-fancy-box using-img\" data-style=\"color_box_hover\" data-animation=\"\" data-hover-o=\"default\" data-border-radius=\"5px\" data-border=\"\" data-box-color-opacity=\"1\" data-delay=\"\" data-alignment=\"left\" data-color=\"accent-color\"><div class=\"box-inner-wrap\"><div class=\"box-bg\" style=\"background-image: url('https:\/\/merlinerd.com\/wp-content\/uploads\/2021\/07\/with-filter-5-scaled.jpg'); \"><\/div> <div class=\"inner\" style=\"min-height: 300px\"><div class=\"inner-wrap\">\n<h3>CALCULADORA DE VELOCIDAD ANULAR<\/h3>\n<p>Velocidad Anular (VA) es uno de los tres elementos clave para una limpieza efectiva del pozo en pozos de alto \u00e1ngulo (\u201cLos Tres Pilares\u201d, siendo los otros dos la rotaci\u00f3n de la tuber\u00eda y la reolog\u00eda de baja gama del fluido de perforaci\u00f3n).<\/p><\/div><\/div>  <a href=\"\/es\/av-calc\/\" class=\"box-link\"><\/a><\/div> <\/div>\n\t\t<\/div> \n\t<\/div>\n\t<\/div> \n<div class=\"vc_col-sm-3 wpb_column column_container vc_column_container col child_column no-extra-padding  inherit_tablet inherit_phone mpc-column\" data-padding-pos=\"all\" data-has-bg-color=\"false\" data-bg-color=\"\" data-bg-opacity=\"1\" data-animation=\"\" data-delay=\"0\" data-column-id=\"mpc_column-8969d7e44353e67\">\n\t\t<div class=\"vc_column-inner\">\n\t\t<div class=\"wpb_wrapper\">\n\t\t\t<div class=\"img-with-aniamtion-wrap\" data-max-width=\"100%\" data-max-width-mobile=\"default\" data-shadow=\"none\" data-animation=\"fade-in\">\r\n      <div class=\"inner\">\r\n        <div class=\"hover-wrap\" data-hover-animation=\"zoom\"> \r\n          <div class=\"hover-wrap-inner\">\r\n            <a href=\"https:\/\/merlinerd.com\/es\/quiz\/\" target=\"_self\" class=\"\">\r\n              <img decoding=\"async\" class=\"img-with-animation skip-lazy\" data-delay=\"0\" height=\"708\" width=\"1000\" data-animation=\"fade-in\" src=\"https:\/\/merlinerd.com\/wp-content\/uploads\/2021\/08\/fun1.jpg\" alt=\"\" srcset=\"https:\/\/merlinerd.com\/wp-content\/uploads\/2021\/08\/fun1.jpg 1000w, https:\/\/merlinerd.com\/wp-content\/uploads\/2021\/08\/fun1-300x212.jpg 300w, https:\/\/merlinerd.com\/wp-content\/uploads\/2021\/08\/fun1-768x544.jpg 768w\" sizes=\"(min-width: 1450px) 75vw, (min-width: 1000px) 85vw, 100vw\">\r\n            <\/a>\r\n          <\/div>\r\n        <\/div>\r\n      <\/div>\r\n      <\/div><div class=\"nectar-fancy-box using-img\" data-style=\"color_box_hover\" data-animation=\"\" data-hover-o=\"default\" data-border-radius=\"5px\" data-border=\"\" data-box-color-opacity=\"1\" data-delay=\"\" data-alignment=\"left\" data-color=\"accent-color\"><div class=\"box-inner-wrap\"><div class=\"box-bg\" style=\"background-image: url('https:\/\/merlinerd.com\/wp-content\/uploads\/2021\/08\/fun1.jpg'); \"><\/div> <div class=\"inner\" style=\"min-height: 300px\"><div class=\"inner-wrap\">\n<h3>Quiz<\/h3>\n<p>Hemos creado contenido interactivo divertido para ingenieros de perforaci\u00f3n, para ayudarte a pasar el tiempo cuando no est\u00e1s... \u00a1perforando!<\/p><\/div><\/div>  <a href=\"\/es\/quiz\/\" class=\"box-link\"><\/a><\/div> <\/div>\n\t\t<\/div> \n\t<\/div>\n\t<\/div> \n<\/div><\/div>\n\t\t\t<\/div> \n\t\t<\/div>\n\t<\/div> \n<\/div><\/div>\r\n\t\t<div id=\"fws_69d7e4435450e\" data-column-margin=\"default\" data-midnight=\"dark\" data-top-percent=\"1%\" data-bottom-percent=\"3%\" class=\"wpb_row vc_row-fluid vc_row   mpc-row\" style=\"padding-top: calc(100vw * 0.01); padding-bottom: calc(100vw * 0.03); \"><div class=\"row-bg-wrap\" data-bg-animation=\"none\" data-bg-overlay=\"false\"><div class=\"inner-wrap\"><div class=\"row-bg\" style=\"\"><\/div><\/div><\/div><div class=\"row_col_wrap_12 col span_12 dark left\"><div class=\"vc_col-sm-12 wpb_column column_container vc_column_container col no-extra-padding  inherit_tablet inherit_phone mpc-column\" data-padding-pos=\"all\" data-has-bg-color=\"false\" data-bg-color=\"\" data-bg-opacity=\"1\" data-animation=\"\" data-delay=\"0\" data-column-id=\"mpc_column-3369d7e443550f5\">\n\t\t<div class=\"vc_column-inner\">\n\t\t\t<div class=\"wpb_wrapper\">\n\t\t\t\t<div id=\"fws_69d7e44354714\" data-midnight=\"\" data-column-margin=\"default\" class=\"wpb_row vc_row-fluid vc_row inner_row mpc-row\" style=\"\"><div class=\"row-bg-wrap\"> <div class=\"row-bg\"><\/div> <\/div><div class=\"row_col_wrap_12_inner col span_12  left\"><div class=\"vc_col-sm-3 wpb_column column_container vc_column_container col child_column no-extra-padding  inherit_tablet inherit_phone mpc-column\" data-padding-pos=\"all\" data-has-bg-color=\"false\" data-bg-color=\"\" data-bg-opacity=\"1\" data-animation=\"\" data-delay=\"0\" data-column-id=\"mpc_column-4869d7e44354b1b\">\n\t\t<div class=\"vc_column-inner\">\n\t\t<div class=\"wpb_wrapper\">\n\t\t\t<div class=\"img-with-aniamtion-wrap\" data-max-width=\"100%\" data-max-width-mobile=\"default\" data-shadow=\"none\" data-animation=\"fade-in\">\r\n      <div class=\"inner\">\r\n        <div class=\"hover-wrap\" data-hover-animation=\"zoom\"> \r\n          <div class=\"hover-wrap-inner\">\r\n            <a href=\"https:\/\/merlinerd.com\/es\/case-studies\/\" target=\"_self\" class=\"\">\r\n              <img decoding=\"async\" class=\"img-with-animation skip-lazy\" data-delay=\"0\" height=\"708\" width=\"1000\" data-animation=\"fade-in\" src=\"https:\/\/merlinerd.com\/wp-content\/uploads\/2021\/08\/laptop.jpg\" alt=\"\" srcset=\"https:\/\/merlinerd.com\/wp-content\/uploads\/2021\/08\/laptop.jpg 1000w, https:\/\/merlinerd.com\/wp-content\/uploads\/2021\/08\/laptop-300x212.jpg 300w, https:\/\/merlinerd.com\/wp-content\/uploads\/2021\/08\/laptop-768x544.jpg 768w\" sizes=\"(min-width: 1450px) 75vw, (min-width: 1000px) 85vw, 100vw\">\r\n            <\/a>\r\n          <\/div>\r\n        <\/div>\r\n      <\/div>\r\n      <\/div><div class=\"nectar-fancy-box using-img\" data-style=\"color_box_hover\" data-animation=\"\" data-hover-o=\"default\" data-border-radius=\"5px\" data-border=\"\" data-box-color-opacity=\"1\" data-delay=\"\" data-alignment=\"left\" data-color=\"accent-color\"><div class=\"box-inner-wrap\"><div class=\"box-bg\" data-nectar-img-src=\"https:\/\/merlinerd.com\/wp-content\/uploads\/2021\/08\/WITHOUT-IMAGE.jpg\"><\/div> <div class=\"inner\" style=\"min-height: 300px\"><div class=\"inner-wrap\">\n<h3>CASOS DE ESTUDIO<\/h3>\n<p>\u00bfC\u00f3mo puede beneficiarte trabajar con Merlin? Estos ejemplos reflejan una peque\u00f1a muestra de nuestro trabajo, apoyando la planificaci\u00f3n de pozos \u201cal l\u00edmite operativo\u201d (edge of the envelope), transformando la ejecuci\u00f3n de proyectos o simplemente demostrando los beneficios de nuestro software de ingenier\u00eda, TDH.<\/p><\/div><\/div>  <a href=\"\/es\/case-studies\/\" class=\"box-link\"><\/a><\/div> <\/div>\n\t\t<\/div> \n\t<\/div>\n\t<\/div> \n<div class=\"vc_col-sm-3 wpb_column column_container vc_column_container col child_column no-extra-padding  inherit_tablet inherit_phone mpc-column\" data-padding-pos=\"all\" data-has-bg-color=\"false\" data-bg-color=\"\" data-bg-opacity=\"1\" data-animation=\"\" data-delay=\"0\" data-column-id=\"mpc_column-3069d7e44354f32\">\n\t\t<div class=\"vc_column-inner\">\n\t\t<div class=\"wpb_wrapper\">\n\t\t\t<div class=\"img-with-aniamtion-wrap\" data-max-width=\"100%\" data-max-width-mobile=\"default\" data-shadow=\"none\" data-animation=\"fade-in\">\r\n      <div class=\"inner\">\r\n        <div class=\"hover-wrap\" data-hover-animation=\"zoom\"> \r\n          <div class=\"hover-wrap-inner\">\r\n            <a href=\"https:\/\/merlinerd.com\/es\/haggler\/\" target=\"_self\" class=\"\">\r\n              <img decoding=\"async\" class=\"img-with-animation skip-lazy\" data-delay=\"0\" height=\"708\" width=\"1000\" data-animation=\"fade-in\" src=\"https:\/\/merlinerd.com\/wp-content\/uploads\/2021\/08\/NEIL1.jpg\" alt=\"\" srcset=\"https:\/\/merlinerd.com\/wp-content\/uploads\/2021\/08\/NEIL1.jpg 1000w, https:\/\/merlinerd.com\/wp-content\/uploads\/2021\/08\/NEIL1-300x212.jpg 300w, https:\/\/merlinerd.com\/wp-content\/uploads\/2021\/08\/NEIL1-768x544.jpg 768w\" sizes=\"(min-width: 1450px) 75vw, (min-width: 1000px) 85vw, 100vw\">\r\n            <\/a>\r\n          <\/div>\r\n        <\/div>\r\n      <\/div>\r\n      <\/div><div class=\"nectar-fancy-box using-img\" data-style=\"color_box_hover\" data-animation=\"\" data-hover-o=\"default\" data-border-radius=\"5px\" data-border=\"\" data-box-color-opacity=\"1\" data-delay=\"\" data-alignment=\"left\" data-color=\"accent-color\"><div class=\"box-inner-wrap\"><div class=\"box-bg\" style=\"background-image: url('https:\/\/merlinerd.com\/wp-content\/uploads\/2021\/08\/laptop.jpg'); \"><\/div> <div class=\"inner\" style=\"min-height: 300px\"><div class=\"inner-wrap\">\n<h3>FRIDAY DRILING HAGGLER<\/h3>\n<p>El Director de Ingenier\u00eda de Merlin, Neil Armstrong, pone a prueba tus conocimientos con su popular \"Friday Drilling Haggler\" \u2014 \u00a1ve cu\u00e1ntas puedes acertar!<\/p><\/div><\/div>  <a href=\"\/es\/haggler\/\" class=\"box-link\"><\/a><\/div> <\/div>\n\t\t<\/div> \n\t<\/div>\n\t<\/div> \n<\/div><\/div>\n\t\t\t<\/div> \n\t\t<\/div>\n\t<\/div> \n<\/div><\/div>\r\n\t\t<div id=\"fws_69d7e443553d6\" data-column-margin=\"default\" data-midnight=\"dark\" class=\"wpb_row vc_row-fluid vc_row full-width-section   mpc-row\" style=\"padding-top: 0px; padding-bottom: 0px; \"><div class=\"row-bg-wrap\" data-bg-animation=\"none\" data-bg-overlay=\"false\"><div class=\"inner-wrap\"><div class=\"row-bg using-bg-color\" style=\"background-color: #0a0a0a; \"><\/div><\/div><\/div><div class=\"row_col_wrap_12 col span_12 dark left\"><div style=\"margin-top: 1%; margin-bottom: 1%; \" class=\"vc_col-sm-12 wpb_column column_container vc_column_container col no-extra-padding  inherit_tablet inherit_phone mpc-column\" data-padding-pos=\"all\" data-has-bg-color=\"false\" data-bg-color=\"\" data-bg-opacity=\"1\" data-animation=\"\" data-delay=\"0\" data-column-id=\"mpc_column-4469d7e443559a3\">\n\t\t<div class=\"vc_column-inner\">\n\t\t\t<div class=\"wpb_wrapper\">\n\t\t\t\t\t\r\n\t\t\r\n\t<div class=\"clients no-carousel five-cols\" data-he=\"greyscale_to_color\" data-additional_padding=\"4\">\r\n\t\t\t<div class=\"no-link\">\r\n\t\t<img decoding=\"async\" src=\"https:\/\/merlinerd.com\/wp-content\/uploads\/2021\/05\/Total.png\" alt=\"client\" width=\"161\" height=\"200\">\t<\/div>\r\n\t<div class=\"no-link\">\r\n\t\t<img decoding=\"async\" src=\"https:\/\/merlinerd.com\/wp-content\/uploads\/2021\/05\/One-Dyas.png\" alt=\"client\" width=\"1254\" height=\"867\">\t<\/div>\r\n\t<div class=\"no-link\">\r\n\t\t<img decoding=\"async\" src=\"https:\/\/merlinerd.com\/wp-content\/uploads\/2021\/05\/Apache-Logo.png\" alt=\"client\" width=\"337\" height=\"140\">\t<\/div>\r\n\t<div class=\"no-link\">\r\n\t\t<img decoding=\"async\" src=\"https:\/\/merlinerd.com\/wp-content\/uploads\/2021\/05\/beach-energy-logo.png\" alt=\"client\" width=\"368\" height=\"117\">\t<\/div>\r\n\t<div class=\"no-link\">\r\n\t\t<img decoding=\"async\" src=\"https:\/\/merlinerd.com\/wp-content\/uploads\/2021\/05\/brand_logo_Shell.png\" alt=\"client\" width=\"172\" height=\"160\">\t<\/div>\r\n\t<\/div>\r\n\t\r\n\n\t\t\t<\/div> \n\t\t<\/div>\n\t<\/div> \n<\/div><\/div>\r\n\t\t<div id=\"fws_69d7e44355bcc\" data-column-margin=\"default\" data-midnight=\"dark\" class=\"wpb_row vc_row-fluid vc_row   mpc-row\" style=\"padding-top: 0px; padding-bottom: 0px; \"><div class=\"row-bg-wrap\" data-bg-animation=\"none\" data-bg-overlay=\"false\"><div class=\"inner-wrap\"><div class=\"row-bg\" style=\"\"><\/div><\/div><\/div><div class=\"row_col_wrap_12 col span_12 dark left\"><div class=\"vc_col-sm-12 wpb_column column_container vc_column_container col no-extra-padding  inherit_tablet inherit_phone mpc-column\" data-padding-pos=\"all\" data-has-bg-color=\"false\" data-bg-color=\"\" data-bg-opacity=\"1\" data-animation=\"\" data-delay=\"0\" data-column-id=\"mpc_column-4769d7e44356b5a\">\n\t\t<div class=\"vc_column-inner\">\n\t\t\t<div class=\"wpb_wrapper\">\n\t\t\t\t\r\n\t\t<div id=\"fws_69d7e44355fc1\" data-column-margin=\"default\" data-midnight=\"light\" data-top-percent=\"5%\" data-bottom-percent=\"5%\" class=\"wpb_row vc_row-fluid vc_row full-width-section  vc_row-o-equal-height vc_row-flex  vc_row-o-content-middle   mpc-row\" style=\"padding-top: calc(100vw * 0.05); padding-bottom: calc(100vw * 0.05); \"><div class=\"row-bg-wrap\" data-bg-animation=\"none\" data-bg-overlay=\"false\"><div class=\"inner-wrap using-image\"><div class=\"row-bg using-image\" style=\"background-position: center center; background-repeat: no-repeat; \" data-nectar-img-src=\"https:\/\/merlinerd.com\/wp-content\/uploads\/2021\/05\/Sea-Merlin-Background.png\"><\/div><\/div><\/div><div class=\"row_col_wrap_12 col span_12 light left\"><div class=\"vc_col-sm-12 wpb_column column_container vc_column_container col no-extra-padding  inherit_tablet inherit_phone mpc-column\" data-padding-pos=\"all\" data-has-bg-color=\"false\" data-bg-color=\"\" data-bg-opacity=\"1\" data-animation=\"\" data-delay=\"0\" data-column-id=\"mpc_column-1469d7e443569ef\">\n\t\t<div class=\"vc_column-inner\">\n\t\t\t<div class=\"wpb_wrapper\">\n\t\t\t\t<div id=\"fws_69d7e44356222\" data-midnight=\"\" data-column-margin=\"default\" class=\"wpb_row vc_row-fluid vc_row inner_row mpc-row\" style=\"\"><div class=\"row-bg-wrap\"> <div class=\"row-bg\"><\/div> <\/div><div class=\"row_col_wrap_12_inner col span_12  left\"><div class=\"vc_col-sm-2 wpb_column column_container vc_column_container col child_column no-extra-padding  inherit_tablet inherit_phone mpc-column\" data-padding-pos=\"all\" data-has-bg-color=\"false\" data-bg-color=\"\" data-bg-opacity=\"1\" data-animation=\"\" data-delay=\"0\" data-column-id=\"mpc_column-1569d7e443563a2\">\n\t\t<div class=\"vc_column-inner\">\n\t\t<div class=\"wpb_wrapper\">\n\t\t\t\n\t\t<\/div> \n\t<\/div>\n\t<\/div> \n<div class=\"vc_col-sm-8 wpb_column column_container vc_column_container col child_column centered-text padding-2-percent  inherit_tablet inherit_phone mpc-column\" data-padding-pos=\"left-right\" data-has-bg-color=\"false\" data-bg-color=\"\" data-bg-opacity=\"1\" data-animation=\"\" data-delay=\"0\" data-column-id=\"mpc_column-5769d7e443567b8\">\n\t\t<div class=\"vc_column-inner\">\n\t\t<div class=\"wpb_wrapper\">\n\t\t\t<h2 style=\"font-size: 52px;line-height: 52px;text-align: center\" class=\"vc_custom_heading\">Ponte en contacto<\/h2><div class=\"divider-wrap\" data-alignment=\"default\"><div style=\"height: 10px;\" class=\"divider\"><\/div><\/div><a class=\"nectar-button large see-through-3  has-icon\" style=\"margin-top: 25px; border-color: #f3f3f3;\" href=\"\/es\/contact\/\" data-color-override=\"#f3f3f3\" data-hover-color-override=\"#0a0000\" data-hover-text-color-override=\"#000000\"><span>Cont\u00e1ctanos<\/span><i class=\"fa fa-long-arrow-right\"><\/i><\/a>\n\t\t<\/div> \n\t<\/div>\n\t<\/div> \n<div class=\"vc_col-sm-2 wpb_column column_container vc_column_container col child_column no-extra-padding  inherit_tablet inherit_phone mpc-column\" data-padding-pos=\"all\" data-has-bg-color=\"false\" data-bg-color=\"\" data-bg-opacity=\"1\" data-animation=\"\" data-delay=\"0\" data-column-id=\"mpc_column-2469d7e44356908\">\n\t\t<div class=\"vc_column-inner\">\n\t\t<div class=\"wpb_wrapper\">\n\t\t\t\n\t\t<\/div> \n\t<\/div>\n\t<\/div> \n<\/div><\/div>\n\t\t\t<\/div> \n\t\t<\/div>\n\t<\/div> \n<\/div><\/div>\n\t\t\t<\/div> \n\t\t<\/div>\n\t<\/div> \n<\/div><\/div>","protected":false},"excerpt":{"rendered":"ARTICLES Read technical articles exclusively from Merin's team of Engineers. VIDEOS Video resources on technical subjects, industry presentations and our TDH software. ANNULAR VELOCITY CALCULATOR Annular Velocity (AV) is one","protected":false},"author":6,"featured_media":0,"parent":0,"menu_order":0,"comment_status":"closed","ping_status":"closed","template":"","meta":{"footnotes":""},"class_list":["post-23489","page","type-page","status-publish"],"_links":{"self":[{"href":"https:\/\/merlinerd.com\/es\/wp-json\/wp\/v2\/pages\/23489","targetHints":{"allow":["GET"]}}],"collection":[{"href":"https:\/\/merlinerd.com\/es\/wp-json\/wp\/v2\/pages"}],"about":[{"href":"https:\/\/merlinerd.com\/es\/wp-json\/wp\/v2\/types\/page"}],"author":[{"embeddable":true,"href":"https:\/\/merlinerd.com\/es\/wp-json\/wp\/v2\/users\/6"}],"replies":[{"embeddable":true,"href":"https:\/\/merlinerd.com\/es\/wp-json\/wp\/v2\/comments?post=23489"}],"version-history":[{"count":5,"href":"https:\/\/merlinerd.com\/es\/wp-json\/wp\/v2\/pages\/23489\/revisions"}],"predecessor-version":[{"id":24790,"href":"https:\/\/merlinerd.com\/es\/wp-json\/wp\/v2\/pages\/23489\/revisions\/24790"}],"wp:attachment":[{"href":"https:\/\/merlinerd.com\/es\/wp-json\/wp\/v2\/media?parent=23489"}],"curies":[{"name":"wp","href":"https:\/\/api.w.org\/{rel}","templated":true}]}}