{"id":23796,"date":"2023-10-17T10:25:30","date_gmt":"2023-10-17T10:25:30","guid":{"rendered":"https:\/\/merlinerd.com\/?page_id=23796"},"modified":"2023-10-17T10:30:38","modified_gmt":"2023-10-17T10:30:38","slug":"problem-formation-case-study","status":"publish","type":"page","link":"https:\/\/merlinerd.com\/es\/problem-formation-case-study\/","title":{"rendered":"Problem Formation &#8211; Case Study"},"content":{"rendered":"<div id=\"fws_69dfd66a4a675\" data-column-margin=\"default\" data-midnight=\"dark\" class=\"wpb_row vc_row-fluid vc_row   mpc-row\" style=\"padding-top: 30px; padding-bottom: 0px; \"><div class=\"row-bg-wrap\" data-bg-animation=\"none\" data-bg-overlay=\"false\"><div class=\"inner-wrap\"><div class=\"row-bg using-bg-color\" style=\"background-color: #ffffff; \"><\/div><\/div><\/div><div class=\"row_col_wrap_12 col span_12 dark left\"><div class=\"vc_col-sm-12 wpb_column column_container vc_column_container col centered-text no-extra-padding  inherit_tablet inherit_phone mpc-column\" data-padding-pos=\"all\" data-has-bg-color=\"false\" data-bg-color=\"\" data-bg-opacity=\"1\" data-animation=\"\" data-delay=\"0\" data-column-id=\"mpc_column-9969dfd66a4adac\">\n\t\t<div class=\"vc_column-inner\">\n\t\t\t<div class=\"wpb_wrapper\">\n\t\t\t\t<div class=\"divider-wrap\" data-alignment=\"default\"><div style=\"height: 25px;\" class=\"divider\"><\/div><\/div><div class=\"divider-wrap\" data-alignment=\"default\"><div style=\"height: 25px;\" class=\"divider\"><\/div><\/div><a class=\"nectar-button jumbo regular accent-color  regular-button\" style=\"\" href=\"https:\/\/merlinerd.com\/es\/contact\/\" data-color-override=\"false\" data-hover-color-override=\"false\" data-hover-text-color-override=\"#fff\"><span>Cont\u00e1ctanos<\/span><\/a>\n\t\t\t<\/div> \n\t\t<\/div>\n\t<\/div> \n<\/div><\/div>\r\n\t\t<div id=\"fws_69dfd66a4b193\" data-column-margin=\"default\" data-midnight=\"dark\" data-top-percent=\"3%\" data-bottom-percent=\"3%\" class=\"wpb_row vc_row-fluid vc_row full-width-section   mpc-row\" style=\"padding-top: calc(100vw * 0.03); padding-bottom: calc(100vw * 0.03); \"><div class=\"row-bg-wrap\" data-bg-animation=\"none\" data-bg-overlay=\"false\"><div class=\"inner-wrap\"><div class=\"row-bg using-bg-color\" style=\"background-color: #f2f2f2; \"><\/div><\/div><\/div><div class=\"row_col_wrap_12 col span_12 dark left\"><div style=\" color: #0a0a0a;\" class=\"vc_col-sm-6 wpb_column column_container vc_column_container col no-extra-padding  inherit_tablet inherit_phone mpc-column\" data-padding-pos=\"all\" data-has-bg-color=\"false\" data-bg-color=\"\" data-bg-opacity=\"1\" data-animation=\"\" data-delay=\"0\" data-column-id=\"mpc_column-1369dfd66a4b516\">\n\t\t<div class=\"vc_column-inner\">\n\t\t\t<div class=\"wpb_wrapper\">\n\t\t\t\t\r\n<div class=\"wpb_text_column wpb_content_element\">\r\n\t<div class=\"wpb_wrapper\">\r\n\t\t<h1><span style=\"color: #eb660a;\">Metodolog\u00eda Merlin<\/span><\/h1>\n<h2>Ciclo de mejoramiento continuo<\/h2>\n<p>Clients leverage our knowledge and techniques to make challenging wells simple, marginal projects economical and problematic operations trouble-free.&nbsp; Success comes from Merlin&rsquo;s back-to-basics systems approach that integrates engineering fundamentals with tried and tested risk management techniques.&nbsp; The results speak for themselves with lower drilling costs, fewer problems, more production sooner and an up-skilled workforce with ever-increasing confidence, desire and ability to design and deliver challenging wells.<\/p>\n\t<\/div>\r\n<\/div>\r\n\r\n\r\n\r\n\n\t\t\t<\/div> \n\t\t<\/div>\n\t<\/div> \n<div class=\"vc_col-sm-6 wpb_column column_container vc_column_container col no-extra-padding  inherit_tablet inherit_phone mpc-column\" data-padding-pos=\"all\" data-has-bg-color=\"false\" data-bg-color=\"\" data-bg-opacity=\"1\" data-animation=\"\" data-delay=\"0\" data-column-id=\"mpc_column-969dfd66a4bc26\">\n\t\t<div class=\"vc_column-inner\">\n\t\t\t<div class=\"wpb_wrapper\">\n\t\t\t\t<div class=\"nectar_image_with_hotspots\" data-stlye=\"color_pulse\" data-hotspot-icon=\"plus_sign\" data-size=\"medium\" data-color=\"extra-color-2\" data-tooltip-func=\"hover\" data-tooltip_shadow=\"medium_depth\" data-animation=\"true\"><img decoding=\"async\" width=\"3075\" height=\"1489\" src=\"https:\/\/merlinerd.com\/wp-content\/uploads\/2021\/08\/Nose-Final.png\" class=\"attachment-full size-full\" alt=\"\" srcset=\"https:\/\/merlinerd.com\/wp-content\/uploads\/2021\/08\/Nose-Final.png 3075w, https:\/\/merlinerd.com\/wp-content\/uploads\/2021\/08\/Nose-Final-300x145.png 300w, https:\/\/merlinerd.com\/wp-content\/uploads\/2021\/08\/Nose-Final-1024x496.png 1024w, https:\/\/merlinerd.com\/wp-content\/uploads\/2021\/08\/Nose-Final-768x372.png 768w, https:\/\/merlinerd.com\/wp-content\/uploads\/2021\/08\/Nose-Final-1536x744.png 1536w, https:\/\/merlinerd.com\/wp-content\/uploads\/2021\/08\/Nose-Final-2048x992.png 2048w\" sizes=\"(max-width: 3075px) 100vw, 3075px\"><div class=\"nectar_hotspot_wrap\" style=\"top: 14.4174%; left: 34.9167%;\"><div class=\"nectar_hotspot\"><span><\/span><\/div><div class=\"nttip\" data-tooltip-position=\"top\"><div class=\"inner\"><b>CONTINUOUS IMPROVEMENT:<\/b>\n<ul>\n<li>End of well reports<\/li>\n<li>Problem reviews<\/li>\n<li>After action reviews<\/li>\n<\/ul>\n<\/div><\/div><\/div><div class=\"nectar_hotspot_wrap\" style=\"top: 14.9836%; left: 58.8387%;\"><div class=\"nectar_hotspot\"><span><\/span><\/div><div class=\"nttip\" data-tooltip-position=\"top\"><div class=\"inner\"><b>ENGINEERING SUPPORT:<\/b>\n<ul>\n<li>Offset well reviews<\/li>\n<li>Feasibility studies<\/li>\n<li>Wellbore stability studies<\/li>\n<li>Detailed design reviews<\/li>\n<li>Procedure reviews<\/li>\n<li>Drilling manuals or guides<\/li>\n<li>MPD equipment and rig selection<\/li>\n<li>DWOP support or facilitation<\/li>\n<\/ul>\n<\/div><\/div><\/div><div class=\"nectar_hotspot_wrap\" style=\"top: 76.2006%; left: 59.1828%;\"><div class=\"nectar_hotspot\"><span><\/span><\/div><div class=\"nttip\" data-tooltip-position=\"top\"><div class=\"inner\"><b>TRAINING:<\/b>\n<ul>\n<li>High angle drilling engineering and operations<\/li>\n<li>Stuck pipe prevention<\/li>\n<li>MPD team readiness assessments<\/li>\n<li>Online self-guided or instructor led options<\/li>\n<\/ul>\n<\/div><\/div><\/div><div class=\"nectar_hotspot_wrap\" style=\"top: 78.09363375057292%; left: 36.30107526881721%;\"><div class=\"nectar_hotspot\"><span><\/span><\/div><div class=\"nttip\" data-tooltip-position=\"top\"><div class=\"inner\"><b>OPERATIONS SUPPORT:<\/b>\n<ul>\n<li>Office engineering support during execution phase<\/li>\n<li>Rig site operations support (ERD or MPD)<\/li>\n<li>Remote operations support<\/li>\n<li>Rig crew on the job coaching<\/li>\n<li>Drilling optimisation<\/li>\n<\/ul>\n<\/div><\/div><\/div><\/div>\n\t\t\t<\/div> \n\t\t<\/div>\n\t<\/div> \n<\/div><\/div>\r\n\t\t<div id=\"fws_69dfd66a4bf12\" data-column-margin=\"default\" data-midnight=\"dark\" class=\"wpb_row vc_row-fluid vc_row   mpc-row\" style=\"padding-top: 30px; padding-bottom: 0px; \"><div class=\"row-bg-wrap\" data-bg-animation=\"none\" data-bg-overlay=\"false\"><div class=\"inner-wrap\"><div class=\"row-bg using-bg-color\" style=\"background-color: #ffffff; \"><\/div><\/div><\/div><div class=\"row_col_wrap_12 col span_12 dark left\"><div class=\"vc_col-sm-12 wpb_column column_container vc_column_container col centered-text no-extra-padding  inherit_tablet inherit_phone mpc-column\" data-padding-pos=\"all\" data-has-bg-color=\"false\" data-bg-color=\"\" data-bg-opacity=\"1\" data-animation=\"\" data-delay=\"0\" data-column-id=\"mpc_column-3669dfd66a4c1ad\">\n\t\t<div class=\"vc_column-inner\">\n\t\t\t<div class=\"wpb_wrapper\">\n\t\t\t\t\r\n<div class=\"wpb_text_column wpb_content_element\">\r\n\t<div class=\"wpb_wrapper\">\r\n\t\t<h2 style=\"text-align: center;\">Somos asesores, colaboradores y educadores de ingenier\u00eda de perforaci\u00f3n de clase mundial, especializados en el aseguramiento de la entrega para pozos de alcance extendido y complejos. Fundada en 2007, hemos ayudado a clientes a entregar con \u00e9xito m\u00e1s de 550 proyectos en 52 pa\u00edses.<\/h2>\n\t<\/div>\r\n<\/div>\r\n\r\n\r\n\r\n\r\n<div class=\"wpb_text_column wpb_content_element\">\r\n\t<div class=\"wpb_wrapper\">\r\n\t\t<p><video style=\"width: 100%;\" src=\"https:\/\/merlinerd.com\/wp-content\/uploads\/2023\/09\/Merlin-Map-Animation.mp4\" autoplay=\"autoplay\" loop=\"loop\" muted=\"\" width=\"1200px\" height=\"500px\"><span data-mce-type=\"bookmark\" style=\"display: inline-block; width: 0px; overflow: hidden; line-height: 0;\" class=\"mce_SELRES_start\">&#65279;<\/span><\/video><\/p>\n\t<\/div>\r\n<\/div>\r\n\r\n\r\n\r\n\n\t\t\t<\/div> \n\t\t<\/div>\n\t<\/div> \n<\/div><\/div>\r\n\t\t<div id=\"fws_69dfd66a4c3cf\" data-column-margin=\"default\" data-midnight=\"dark\" class=\"wpb_row vc_row-fluid vc_row   mpc-row\" style=\"padding-top: 0px; padding-bottom: 0px; \"><div class=\"row-bg-wrap\" data-bg-animation=\"none\" data-bg-overlay=\"false\"><div class=\"inner-wrap\"><div class=\"row-bg\" style=\"\"><\/div><\/div><\/div><div class=\"row_col_wrap_12 col span_12 dark center\"><div class=\"vc_col-sm-12 wpb_column column_container vc_column_container col no-extra-padding  inherit_tablet inherit_phone mpc-column\" data-padding-pos=\"all\" data-has-bg-color=\"false\" data-bg-color=\"\" data-bg-opacity=\"1\" data-animation=\"\" data-delay=\"0\" data-column-id=\"mpc_column-6169dfd66a4c5e3\">\n\t\t<div class=\"vc_column-inner\">\n\t\t\t<div class=\"wpb_wrapper\">\n\t\t\t\t<div class=\"divider-wrap\" data-alignment=\"default\"><div style=\"height: 25px;\" class=\"divider\"><\/div><\/div>\n\t\t\t<\/div> \n\t\t<\/div>\n\t<\/div> \n<\/div><\/div>\r\n\t\t<div id=\"fws_69dfd66a4c7c0\" data-column-margin=\"default\" data-midnight=\"dark\" class=\"wpb_row vc_row-fluid vc_row   mpc-row\" style=\"padding-top: 0px; padding-bottom: 0px; \"><div class=\"row-bg-wrap\" data-bg-animation=\"none\" data-bg-overlay=\"false\"><div class=\"inner-wrap\"><div class=\"row-bg\" style=\"\"><\/div><\/div><\/div><div class=\"row_col_wrap_12 col span_12 dark left\"><div class=\"vc_col-sm-12 wpb_column column_container vc_column_container col no-extra-padding  inherit_tablet inherit_phone mpc-column\" data-padding-pos=\"all\" data-has-bg-color=\"false\" data-bg-color=\"\" data-bg-opacity=\"1\" data-animation=\"\" data-delay=\"0\" data-column-id=\"mpc_column-8069dfd66a4da9b\">\n\t\t<div class=\"vc_column-inner\">\n\t\t\t<div class=\"wpb_wrapper\">\n\t\t\t\t\r\n\t\t<div id=\"fws_69dfd66a4cbf0\" data-column-margin=\"default\" data-midnight=\"dark\" class=\"wpb_row vc_row-fluid vc_row full-width-section   mpc-row\" style=\"padding-top: 0px; padding-bottom: 0px; \"><div class=\"row-bg-wrap\" data-bg-animation=\"none\" data-bg-overlay=\"false\"><div class=\"inner-wrap\"><div class=\"row-bg using-bg-color\" style=\"background-color: #ffffff; \"><\/div><\/div><\/div><div class=\"row_col_wrap_12 col span_12 dark left\"><div style=\"margin-top: 1%; margin-bottom: 1%; \" class=\"vc_col-sm-12 wpb_column column_container vc_column_container col no-extra-padding  inherit_tablet inherit_phone mpc-column\" data-padding-pos=\"all\" data-has-bg-color=\"false\" data-bg-color=\"\" data-bg-opacity=\"1\" data-animation=\"\" data-delay=\"0\" data-column-id=\"mpc_column-6869dfd66a4d92f\">\n\t\t<div class=\"vc_column-inner\">\n\t\t\t<div class=\"wpb_wrapper\">\n\t\t\t\t\t\r\n\t\t\r\n\t<div class=\"clients no-carousel five-cols\" data-he=\"greyscale_to_color\" data-additional_padding=\"4\">\r\n\t\t\t<div class=\"no-link\">\r\n\t\t<img decoding=\"async\" src=\"https:\/\/merlinerd.com\/wp-content\/uploads\/2021\/10\/logo_totalenergies.png\" alt=\"client\" width=\"208\" height=\"152\">\t<\/div>\r\n\t<div class=\"no-link\">\r\n\t\t<img decoding=\"async\" src=\"https:\/\/merlinerd.com\/wp-content\/uploads\/2021\/05\/One-Dyas.png\" alt=\"client\" width=\"1254\" height=\"867\">\t<\/div>\r\n\t<div class=\"no-link\">\r\n\t\t<img decoding=\"async\" src=\"https:\/\/merlinerd.com\/wp-content\/uploads\/2021\/05\/Apache-Logo.png\" alt=\"client\" width=\"337\" height=\"140\">\t<\/div>\r\n\t<div class=\"no-link\">\r\n\t\t<img decoding=\"async\" src=\"https:\/\/merlinerd.com\/wp-content\/uploads\/2021\/05\/beach-energy-logo.png\" alt=\"client\" width=\"368\" height=\"117\">\t<\/div>\r\n\t<div class=\"no-link\">\r\n\t\t<img decoding=\"async\" src=\"https:\/\/merlinerd.com\/wp-content\/uploads\/2021\/05\/brand_logo_Shell.png\" alt=\"client\" width=\"172\" height=\"160\">\t<\/div>\r\n\t<\/div>\r\n\t\r\n\n\t\t\t<\/div> \n\t\t<\/div>\n\t<\/div> \n<\/div><\/div>\n\t\t\t<\/div> \n\t\t<\/div>\n\t<\/div> \n<\/div><\/div>","protected":false},"excerpt":{"rendered":"Get in touch to discuss your next project Merlin Methodology Continuous improvement cycle Clients leverage our knowledge and techniques to make challenging wells simple, marginal projects economical and problematic operations","protected":false},"author":6,"featured_media":0,"parent":0,"menu_order":0,"comment_status":"closed","ping_status":"closed","template":"","meta":{"footnotes":""},"class_list":["post-23796","page","type-page","status-publish"],"_links":{"self":[{"href":"https:\/\/merlinerd.com\/es\/wp-json\/wp\/v2\/pages\/23796","targetHints":{"allow":["GET"]}}],"collection":[{"href":"https:\/\/merlinerd.com\/es\/wp-json\/wp\/v2\/pages"}],"about":[{"href":"https:\/\/merlinerd.com\/es\/wp-json\/wp\/v2\/types\/page"}],"author":[{"embeddable":true,"href":"https:\/\/merlinerd.com\/es\/wp-json\/wp\/v2\/users\/6"}],"replies":[{"embeddable":true,"href":"https:\/\/merlinerd.com\/es\/wp-json\/wp\/v2\/comments?post=23796"}],"version-history":[{"count":4,"href":"https:\/\/merlinerd.com\/es\/wp-json\/wp\/v2\/pages\/23796\/revisions"}],"predecessor-version":[{"id":23801,"href":"https:\/\/merlinerd.com\/es\/wp-json\/wp\/v2\/pages\/23796\/revisions\/23801"}],"wp:attachment":[{"href":"https:\/\/merlinerd.com\/es\/wp-json\/wp\/v2\/media?parent=23796"}],"curies":[{"name":"wp","href":"https:\/\/api.w.org\/{rel}","templated":true}]}}