{"id":24581,"date":"2024-04-18T11:41:47","date_gmt":"2024-04-18T11:41:47","guid":{"rendered":"https:\/\/merlinerd.com\/?page_id=24581"},"modified":"2024-04-18T11:59:03","modified_gmt":"2024-04-18T11:59:03","slug":"geomechanics-services","status":"publish","type":"page","link":"https:\/\/merlinerd.com\/es\/drilling-type\/geomechanics-services\/","title":{"rendered":"Geomechanics parent"},"content":{"rendered":"<div id=\"fws_69dfdf90b2dce\" data-column-margin=\"default\" data-midnight=\"dark\" class=\"wpb_row vc_row-fluid vc_row   mpc-row\" style=\"padding-top: 0px; padding-bottom: 0px; \"><div class=\"row-bg-wrap\" data-bg-animation=\"none\" data-bg-overlay=\"false\"><div class=\"inner-wrap\"><div class=\"row-bg\" style=\"\"><\/div><\/div><\/div><div class=\"row_col_wrap_12 col span_12 dark left\"><div class=\"vc_col-sm-12 wpb_column column_container vc_column_container col no-extra-padding  inherit_tablet inherit_phone mpc-column\" data-padding-pos=\"all\" data-has-bg-color=\"false\" data-bg-color=\"\" data-bg-opacity=\"1\" data-animation=\"\" data-delay=\"0\" data-column-id=\"mpc_column-4869dfdf90b34a9\">\n\t\t<div class=\"vc_column-inner\">\n\t\t\t<div class=\"wpb_wrapper\">\n\t\t\t\t\r\n<div class=\"wpb_text_column wpb_content_element\">\r\n\t<div class=\"wpb_wrapper\">\r\n\t\t<h4><nav aria-label=\"breadcrumbs\" class=\"rank-math-breadcrumb\"><p><span class=\"last\">Inicio<\/span><\/p><\/nav><\/h4>\n\t<\/div>\r\n<\/div>\r\n\r\n\r\n\r\n\n\t\t\t<\/div> \n\t\t<\/div>\n\t<\/div> \n<\/div><\/div>\r\n\t\t<div id=\"fws_69dfdf90b3824\" data-column-margin=\"default\" data-midnight=\"dark\" data-top-percent=\"0%\" data-bottom-percent=\"0%\" class=\"wpb_row vc_row-fluid vc_row   mpc-row\" style=\"padding-top: calc(100vw * 0.00); padding-bottom: calc(100vw * 0.00); \"><div class=\"row-bg-wrap\" data-bg-animation=\"none\" data-bg-overlay=\"false\"><div class=\"inner-wrap\"><div class=\"row-bg\" style=\"\"><\/div><\/div><\/div><div class=\"row_col_wrap_12 col span_12 dark left\"><div class=\"vc_col-sm-12 wpb_column column_container vc_column_container col no-extra-padding  inherit_tablet inherit_phone mpc-column\" data-padding-pos=\"all\" data-has-bg-color=\"false\" data-bg-color=\"\" data-bg-opacity=\"1\" data-animation=\"\" data-delay=\"0\" data-column-id=\"mpc_column-4569dfdf90b56f3\">\n\t\t<div class=\"vc_column-inner\">\n\t\t\t<div class=\"wpb_wrapper\">\n\t\t\t\t<div id=\"fws_69dfdf90b3ba6\" data-midnight=\"\" data-column-margin=\"default\" class=\"wpb_row vc_row-fluid vc_row inner_row mpc-row\" style=\"\"><div class=\"row-bg-wrap\"> <div class=\"row-bg\"><\/div> <\/div><div class=\"row_col_wrap_12_inner col span_12  left\"><div class=\"vc_col-sm-3 wpb_column column_container vc_column_container col child_column no-extra-padding  inherit_tablet inherit_phone mpc-column\" data-padding-pos=\"all\" data-has-bg-color=\"false\" data-bg-color=\"\" data-bg-opacity=\"1\" data-animation=\"\" data-delay=\"0\" data-column-id=\"mpc_column-2169dfdf90b4826\">\n\t\t<div class=\"vc_column-inner\">\n\t\t<div class=\"wpb_wrapper\">\n\t\t\t<div class=\"img-with-aniamtion-wrap center\" data-max-width=\"100%\" data-max-width-mobile=\"default\" data-shadow=\"none\" data-animation=\"fade-in\">\r\n      <div class=\"inner\">\r\n        <div class=\"hover-wrap\" data-hover-animation=\"zoom\"> \r\n          <div class=\"hover-wrap-inner\">\r\n            <a href=\"https:\/\/merlinerd.com\/es\/drilling-type\/complex-drilling\/engineering\/\" target=\"_self\" class=\"center\">\r\n              <img decoding=\"async\" class=\"img-with-animation skip-lazy\" data-delay=\"0\" height=\"457\" width=\"1475\" data-animation=\"fade-in\" src=\"https:\/\/merlinerd.com\/wp-content\/uploads\/2024\/04\/engineering-geomech.jpg\" alt=\"\" srcset=\"https:\/\/merlinerd.com\/wp-content\/uploads\/2024\/04\/engineering-geomech.jpg 1475w, https:\/\/merlinerd.com\/wp-content\/uploads\/2024\/04\/engineering-geomech-300x93.jpg 300w, https:\/\/merlinerd.com\/wp-content\/uploads\/2024\/04\/engineering-geomech-1024x317.jpg 1024w, https:\/\/merlinerd.com\/wp-content\/uploads\/2024\/04\/engineering-geomech-768x238.jpg 768w, https:\/\/merlinerd.com\/wp-content\/uploads\/2024\/04\/engineering-geomech-18x6.jpg 18w\" sizes=\"(min-width: 1450px) 75vw, (min-width: 1000px) 85vw, 100vw\">\r\n            <\/a>\r\n          <\/div>\r\n        <\/div>\r\n      <\/div>\r\n      <\/div><div class=\"nectar-fancy-box using-img\" data-style=\"color_box_hover\" data-animation=\"\" data-hover-o=\"default\" data-border-radius=\"5px\" data-border=\"\" data-box-color-opacity=\"1\" data-delay=\"\" data-alignment=\"left\" data-color=\"accent-color\"><div class=\"box-inner-wrap\"><div class=\"box-bg\" data-nectar-img-src=\"https:\/\/merlinerd.com\/wp-content\/uploads\/2021\/08\/WITHOUT-IMAGE.jpg\"><\/div> <div class=\"inner\" style=\"min-height: 300px\"><div class=\"inner-wrap\">\n<h3>INGENIER\u00cdA GEOMEC\u00c1NICA<\/h3>\n<p>Los problemas geomec\u00e1nicos pueden contribuir significativamente al tiempo no productivo (NPT) relacionado con la perforaci\u00f3n. Comprender los riesgos mediante el modelado es fundamental para un dise\u00f1o de pozo eficaz y para perforar con \u00e9xito pozos de geometr\u00edas complejas o ubicados en entornos geol\u00f3gicos desafiantes.<\/p><\/div><\/div>  <a href=\"https:\/\/merlinerd.com\/es\/drilling-type\/complex-drilling\/engineering\/\" class=\"box-link\"><\/a><\/div> <\/div>\n\t\t<\/div> \n\t<\/div>\n\t<\/div> \n<div class=\"vc_col-sm-3 wpb_column column_container vc_column_container col child_column no-extra-padding  inherit_tablet inherit_phone mpc-column\" data-padding-pos=\"all\" data-has-bg-color=\"false\" data-bg-color=\"\" data-bg-opacity=\"1\" data-animation=\"\" data-delay=\"0\" data-column-id=\"mpc_column-5069dfdf90b4e32\">\n\t\t<div class=\"vc_column-inner\">\n\t\t<div class=\"wpb_wrapper\">\n\t\t\t<div class=\"img-with-aniamtion-wrap center\" data-max-width=\"100%\" data-max-width-mobile=\"default\" data-shadow=\"none\" data-animation=\"fade-in\">\r\n      <div class=\"inner\">\r\n        <div class=\"hover-wrap\" data-hover-animation=\"zoom\"> \r\n          <div class=\"hover-wrap-inner\">\r\n            <a href=\"https:\/\/merlinerd.com\/es\/drilling-type\/complex-drilling\/operations\/\" target=\"_self\" class=\"center\">\r\n              <img decoding=\"async\" class=\"img-with-animation skip-lazy\" data-delay=\"0\" height=\"457\" width=\"1475\" data-animation=\"fade-in\" src=\"https:\/\/merlinerd.com\/wp-content\/uploads\/2024\/04\/opererations-geomech.jpg\" alt=\"\" srcset=\"https:\/\/merlinerd.com\/wp-content\/uploads\/2024\/04\/opererations-geomech.jpg 1475w, https:\/\/merlinerd.com\/wp-content\/uploads\/2024\/04\/opererations-geomech-300x93.jpg 300w, https:\/\/merlinerd.com\/wp-content\/uploads\/2024\/04\/opererations-geomech-1024x317.jpg 1024w, https:\/\/merlinerd.com\/wp-content\/uploads\/2024\/04\/opererations-geomech-768x238.jpg 768w, https:\/\/merlinerd.com\/wp-content\/uploads\/2024\/04\/opererations-geomech-18x6.jpg 18w\" sizes=\"(min-width: 1450px) 75vw, (min-width: 1000px) 85vw, 100vw\">\r\n            <\/a>\r\n          <\/div>\r\n        <\/div>\r\n      <\/div>\r\n      <\/div><div class=\"nectar-fancy-box using-img\" data-style=\"color_box_hover\" data-animation=\"\" data-hover-o=\"default\" data-border-radius=\"5px\" data-border=\"\" data-box-color-opacity=\"1\" data-delay=\"\" data-alignment=\"left\" data-color=\"accent-color\"><div class=\"box-inner-wrap\"><div class=\"box-bg\" style=\"background-image: url('https:\/\/merlinerd.com\/wp-content\/uploads\/2021\/08\/WITHOUT-IMAGE.jpg'); \"><\/div> <div class=\"inner\" style=\"min-height: 300px\"><div class=\"inner-wrap\">\n<h3>OPERACIONES DE GEOMEC\u00c1NICA<\/h3>\n<p>Todo proyecto exitoso de construcci\u00f3n de pozos de alto \u00e1ngulo, horizontales o de alcance extendido comienza con una comprensi\u00f3n profunda de los esfuerzos en el subsuelo. Comprender lo que observamos en comparaci\u00f3n con lo que esper\u00e1bamos crea una oportunidad para optimizar el pozo, reducir riesgos y ahorrar costos, mejorando en \u00faltima instancia el valor del proyecto.<\/p><\/div><\/div>  <a href=\"https:\/\/merlinerd.com\/es\/drilling-type\/complex-drilling\/operations\/\" class=\"box-link\"><\/a><\/div> <\/div>\n\t\t<\/div> \n\t<\/div>\n\t<\/div> \n<div class=\"vc_col-sm-3 wpb_column column_container vc_column_container col child_column no-extra-padding  inherit_tablet inherit_phone mpc-column\" data-padding-pos=\"all\" data-has-bg-color=\"false\" data-bg-color=\"\" data-bg-opacity=\"1\" data-animation=\"\" data-delay=\"0\" data-column-id=\"mpc_column-2769dfdf90b542a\">\n\t\t<div class=\"vc_column-inner\">\n\t\t<div class=\"wpb_wrapper\">\n\t\t\t<div class=\"img-with-aniamtion-wrap center\" data-max-width=\"100%\" data-max-width-mobile=\"default\" data-shadow=\"none\" data-animation=\"fade-in\">\r\n      <div class=\"inner\">\r\n        <div class=\"hover-wrap\" data-hover-animation=\"zoom\"> \r\n          <div class=\"hover-wrap-inner\">\r\n            <a href=\"https:\/\/merlinerd.com\/es\/training\/extended-reach-drilling-training\/\" target=\"_self\" class=\"center\">\r\n              <img decoding=\"async\" class=\"img-with-animation skip-lazy\" data-delay=\"0\" height=\"457\" width=\"1475\" data-animation=\"fade-in\" src=\"https:\/\/merlinerd.com\/wp-content\/uploads\/2024\/04\/training-geomech-1.jpg\" alt=\"\" srcset=\"https:\/\/merlinerd.com\/wp-content\/uploads\/2024\/04\/training-geomech-1.jpg 1475w, https:\/\/merlinerd.com\/wp-content\/uploads\/2024\/04\/training-geomech-1-300x93.jpg 300w, https:\/\/merlinerd.com\/wp-content\/uploads\/2024\/04\/training-geomech-1-1024x317.jpg 1024w, https:\/\/merlinerd.com\/wp-content\/uploads\/2024\/04\/training-geomech-1-768x238.jpg 768w, https:\/\/merlinerd.com\/wp-content\/uploads\/2024\/04\/training-geomech-1-18x6.jpg 18w\" sizes=\"(min-width: 1450px) 75vw, (min-width: 1000px) 85vw, 100vw\">\r\n            <\/a>\r\n          <\/div>\r\n        <\/div>\r\n      <\/div>\r\n      <\/div><div class=\"nectar-fancy-box using-img\" data-style=\"color_box_hover\" data-animation=\"\" data-hover-o=\"default\" data-border-radius=\"5px\" data-border=\"\" data-box-color-opacity=\"1\" data-delay=\"\" data-alignment=\"left\" data-color=\"accent-color\"><div class=\"box-inner-wrap\"><div class=\"box-bg\" style=\"background-image: url('https:\/\/merlinerd.com\/wp-content\/uploads\/2021\/08\/WITHOUT-IMAGE.jpg'); \"><\/div> <div class=\"inner\" style=\"min-height: 300px\"><div class=\"inner-wrap\">\n<h3>CAPACITACION DE GEOMEC\u00c1NICA<\/h3>\n<p>El curso integral de Geomec\u00e1nica de Merlin capacita al personal de perforaci\u00f3n con conocimientos pr\u00e1cticos sobre la estabilidad del pozo y la geomec\u00e1nica relacionada con la perforaci\u00f3n, conectando la teor\u00eda con su aplicaci\u00f3n en el mundo real.<\/p><\/div><\/div>  <a href=\"https:\/\/merlinerd.com\/es\/training\/extended-reach-drilling-training\/\" class=\"box-link\"><\/a><\/div> <\/div>\n\t\t<\/div> \n\t<\/div>\n\t<\/div> \n<\/div><\/div>\n\t\t\t<\/div> \n\t\t<\/div>\n\t<\/div> \n<\/div><\/div>\r\n\t\t<div id=\"fws_69dfdf90b5af6\" data-column-margin=\"default\" data-midnight=\"dark\" class=\"wpb_row vc_row-fluid vc_row   mpc-row\" style=\"padding-top: 0px; padding-bottom: 0px; \"><div class=\"row-bg-wrap\" data-bg-animation=\"none\" data-bg-overlay=\"false\"><div class=\"inner-wrap\"><div class=\"row-bg\" style=\"\"><\/div><\/div><\/div><div class=\"row_col_wrap_12 col span_12 dark left\"><div class=\"vc_col-sm-12 wpb_column column_container vc_column_container col no-extra-padding  inherit_tablet inherit_phone mpc-column\" data-padding-pos=\"all\" data-has-bg-color=\"false\" data-bg-color=\"\" data-bg-opacity=\"1\" data-animation=\"\" data-delay=\"0\" data-column-id=\"mpc_column-7669dfdf90b7242\">\n\t\t<div class=\"vc_column-inner\">\n\t\t\t<div class=\"wpb_wrapper\">\n\t\t\t\t\r\n\t\t<div id=\"fws_69dfdf90b605c\" data-column-margin=\"default\" data-midnight=\"light\" data-top-percent=\"5%\" data-bottom-percent=\"5%\" class=\"wpb_row vc_row-fluid vc_row full-width-section  vc_row-o-equal-height vc_row-flex  vc_row-o-content-middle   mpc-row\" style=\"padding-top: calc(100vw * 0.05); padding-bottom: calc(100vw * 0.05); \"><div class=\"row-bg-wrap\" data-bg-animation=\"none\" data-bg-overlay=\"false\"><div class=\"inner-wrap using-image\"><div class=\"row-bg using-image\" style=\"background-position: center center; background-repeat: no-repeat; \" data-nectar-img-src=\"https:\/\/merlinerd.com\/wp-content\/uploads\/2021\/05\/Sea-Merlin-Background.png\"><\/div><\/div><\/div><div class=\"row_col_wrap_12 col span_12 light left\"><div class=\"vc_col-sm-12 wpb_column column_container vc_column_container col no-extra-padding  inherit_tablet inherit_phone mpc-column\" data-padding-pos=\"all\" data-has-bg-color=\"false\" data-bg-color=\"\" data-bg-opacity=\"1\" data-animation=\"\" data-delay=\"0\" data-column-id=\"mpc_column-6369dfdf90b7078\">\n\t\t<div class=\"vc_column-inner\">\n\t\t\t<div class=\"wpb_wrapper\">\n\t\t\t\t<div id=\"fws_69dfdf90b62ea\" data-midnight=\"\" data-column-margin=\"default\" class=\"wpb_row vc_row-fluid vc_row inner_row mpc-row\" style=\"\"><div class=\"row-bg-wrap\"> <div class=\"row-bg\"><\/div> <\/div><div class=\"row_col_wrap_12_inner col span_12  left\"><div class=\"vc_col-sm-2 wpb_column column_container vc_column_container col child_column no-extra-padding  inherit_tablet inherit_phone mpc-column\" data-padding-pos=\"all\" data-has-bg-color=\"false\" data-bg-color=\"\" data-bg-opacity=\"1\" data-animation=\"\" data-delay=\"0\" data-column-id=\"mpc_column-1269dfdf90b650d\">\n\t\t<div class=\"vc_column-inner\">\n\t\t<div class=\"wpb_wrapper\">\n\t\t\t\n\t\t<\/div> \n\t<\/div>\n\t<\/div> \n<div class=\"vc_col-sm-8 wpb_column column_container vc_column_container col child_column centered-text padding-2-percent  inherit_tablet inherit_phone mpc-column\" data-padding-pos=\"left-right\" data-has-bg-color=\"false\" data-bg-color=\"\" data-bg-opacity=\"1\" data-animation=\"\" data-delay=\"0\" data-column-id=\"mpc_column-4769dfdf90b6d1e\">\n\t\t<div class=\"vc_column-inner\">\n\t\t<div class=\"wpb_wrapper\">\n\t\t\t<h2 style=\"font-size: 52px;line-height: 52px;text-align: center\" class=\"vc_custom_heading\">Ponte en contacto<\/h2><div class=\"divider-wrap\" data-alignment=\"default\"><div style=\"height: 10px;\" class=\"divider\"><\/div><\/div><a class=\"nectar-button large see-through-3  has-icon\" style=\"margin-top: 25px; border-color: #f3f3f3;\" href=\"\/es\/contact\/\" data-color-override=\"#f3f3f3\" data-hover-color-override=\"#0a0000\" data-hover-text-color-override=\"#000000\"><span>Cont\u00e1ctanos<\/span><i class=\"fa fa-long-arrow-right\"><\/i><\/a>\n\t\t<\/div> \n\t<\/div>\n\t<\/div> \n<div class=\"vc_col-sm-2 wpb_column column_container vc_column_container col child_column no-extra-padding  inherit_tablet inherit_phone mpc-column\" data-padding-pos=\"all\" data-has-bg-color=\"false\" data-bg-color=\"\" data-bg-opacity=\"1\" data-animation=\"\" data-delay=\"0\" data-column-id=\"mpc_column-3269dfdf90b6eed\">\n\t\t<div class=\"vc_column-inner\">\n\t\t<div class=\"wpb_wrapper\">\n\t\t\t\n\t\t<\/div> \n\t<\/div>\n\t<\/div> \n<\/div><\/div>\n\t\t\t<\/div> \n\t\t<\/div>\n\t<\/div> \n<\/div><\/div>\n\t\t\t<\/div> \n\t\t<\/div>\n\t<\/div> \n<\/div><\/div>","protected":false},"excerpt":{"rendered":"Home GEOMECHANICS ENGINEERING Geomechanical problems can significantly contribute to drilling related NPT. Understanding the risks through modelling is integral to effective well design and to successfully drilling wells with complex","protected":false},"author":6,"featured_media":0,"parent":21583,"menu_order":0,"comment_status":"closed","ping_status":"closed","template":"","meta":{"footnotes":""},"class_list":["post-24581","page","type-page","status-publish"],"_links":{"self":[{"href":"https:\/\/merlinerd.com\/es\/wp-json\/wp\/v2\/pages\/24581","targetHints":{"allow":["GET"]}}],"collection":[{"href":"https:\/\/merlinerd.com\/es\/wp-json\/wp\/v2\/pages"}],"about":[{"href":"https:\/\/merlinerd.com\/es\/wp-json\/wp\/v2\/types\/page"}],"author":[{"embeddable":true,"href":"https:\/\/merlinerd.com\/es\/wp-json\/wp\/v2\/users\/6"}],"replies":[{"embeddable":true,"href":"https:\/\/merlinerd.com\/es\/wp-json\/wp\/v2\/comments?post=24581"}],"version-history":[{"count":2,"href":"https:\/\/merlinerd.com\/es\/wp-json\/wp\/v2\/pages\/24581\/revisions"}],"predecessor-version":[{"id":24590,"href":"https:\/\/merlinerd.com\/es\/wp-json\/wp\/v2\/pages\/24581\/revisions\/24590"}],"up":[{"embeddable":true,"href":"https:\/\/merlinerd.com\/es\/wp-json\/wp\/v2\/pages\/21583"}],"wp:attachment":[{"href":"https:\/\/merlinerd.com\/es\/wp-json\/wp\/v2\/media?parent=24581"}],"curies":[{"name":"wp","href":"https:\/\/api.w.org\/{rel}","templated":true}]}}